{"id":98,"date":"2019-03-18T09:00:35","date_gmt":"2019-03-18T08:00:35","guid":{"rendered":"http:\/\/ena-nic.splet.arnes.si\/?page_id=98"},"modified":"2025-09-08T14:28:33","modified_gmt":"2025-09-08T12:28:33","slug":"urejanje-besedil","status":"publish","type":"page","link":"https:\/\/ena-nic.splet.arnes.si\/?page_id=98","title":{"rendered":"Urejanje besedil"},"content":{"rendered":"<p style=\"text-align: justify\"><img loading=\"lazy\" decoding=\"async\" class=\"alignleft size-thumbnail wp-image-887\" src=\"http:\/\/ena-nic.splet.arnes.si\/files\/2018\/09\/word-150x150.jpg\" alt=\"\" width=\"150\" height=\"150\">zajema osnovno spoznavanje ra\u010dunalnika in njegovih komponent ter celovite zgradbe in delovanja. Podrobno spoznamo tudi uporabo pisarni\u0161kega programa <a href=\"http:\/\/products.office.com\/en-us\/word\" target=\"_blank\" rel=\"noopener\">MS Word<\/a> (<a href=\"http:\/\/www.libreoffice.org\/discover\/writer\/\" target=\"_blank\" rel=\"noopener\">LibreOffice Writer<\/a>), nau\u010dimo se obdelave slikovnega gradiva (<a href=\"http:\/\/www.photofiltre-studio.com\/news-en.htm\" target=\"_blank\" rel=\"noopener\">PhotoFiltre<\/a> \/ <a href=\"http:\/\/www.gimp.org\/\" target=\"_blank\" rel=\"noopener\">Gimp<\/a>), znamo poiskati podatke na internetu in jih kriti\u010dno ovrednotiti, spoznamo se z uporabo e-po\u0161te. Predmet zaklju\u010dimo s projektno nalogo.<\/p>\n<ul>\n<li>Izvajanje predmeta:&nbsp;<strong>2 uri tedensko<\/strong>&nbsp;(eno polletje)<\/li>\n<li>Obvezni pripomo\u010dki:&nbsp;<strong>USB klju\u010d<\/strong>&nbsp;(dovolj je 8 GB)<\/li>\n<li>Ocenjevanje:<strong> 2<\/strong> <strong>oceni<\/strong> \u2013 ustno (poznavanje Worda\/vaje na ra\u010dunalniku) in izdelek (projektna naloga)<\/li>\n<\/ul>\n<ul>\n<li><a href=\"http:\/\/ena-nic.splet.arnes.si\/files\/2019\/03\/Predstavitev-IP-ra\u010dunalni\u0161tvo-splo\u0161no.ppsx\" target=\"_blank\" rel=\"noopener\">Kratka predstavitev vseh 3 IP s podro\u010dja ra\u010dunalni\u0161tva<\/a><\/li>\n<li><a href=\"http:\/\/ena-nic.splet.arnes.si\/files\/2019\/03\/Predstavitev-IP-ra\u010dunalni\u0161tvo-urejanje-besedil.ppsx\" target=\"_blank\" rel=\"noopener\">Predstavitev IP Urejanje besedil<\/a><\/li>\n<\/ul>\n<h3 style=\"text-align: justify\">Gradivo in predavanja<\/h3>\n<p style=\"padding-left: 60px\"><a href=\"http:\/\/ena-nic.splet.arnes.si\/files\/2016\/10\/UBE-razvoj-in-zgradba-ra\u010dunalnika.ppsx\" target=\"_blank\" rel=\"noopener\">Razvoj in zgradba ra\u010dunalnika<\/a><\/p>\n<p style=\"padding-left: 60px\"><a href=\"http:\/\/www.ithistory.org\/\" target=\"_blank\" rel=\"noopener\">Zgodovina ra\u010dunalni\u0161tva (angl.)<\/a><\/p>\n<p style=\"padding-left: 60px\"><a href=\"http:\/\/ena-nic.splet.arnes.si\/files\/2016\/10\/Razvoj_racunalnikov.pdf\" target=\"_blank\" rel=\"noopener\">Razvoj ra\u010dunalnikov malo bolj podrobno<\/a><\/p>\n<p style=\"padding-left: 60px\"><a href=\"http:\/\/ena-nic.splet.arnes.si\/files\/2016\/10\/Spoznajmo_aritmeticno_logicno_enoto.pdf\" target=\"_blank\" rel=\"noopener\">Aritmeti\u010dno-logi\u010dna enota<\/a><\/p>\n<p style=\"padding-left: 60px\"><a href=\"http:\/\/ena-nic.splet.arnes.si\/files\/2016\/10\/Vloga_in_pomen_racunalnistva.pdf\" target=\"_blank\" rel=\"noopener\">Vloga in pomen ra\u010dunalni\u0161tva<\/a><\/p>\n<p style=\"padding-left: 60px\"><a href=\"http:\/\/ena-nic.splet.arnes.si\/files\/2016\/10\/strojepisna-pravila.pdf\" target=\"_blank\" rel=\"noopener\">Navajanje virov in strojepisna pravila<\/a><\/p>\n<p style=\"padding-left: 60px\"><a href=\"http:\/\/www.typingstudy.com\/sl\/\" target=\"_blank\" rel=\"noopener\">Spletna u\u010dilnica desetprstnega tipkanja<\/a><\/p>\n<p style=\"padding-left: 60px\"><a href=\"http:\/\/ena-nic.splet.arnes.si\/files\/2016\/10\/Informacije_in_njihova_predstavitev.pdf\" target=\"_blank\" rel=\"noopener\">Informacije in njihova predstavitev<\/a><\/p>\n<p style=\"padding-left: 60px\"><a href=\"http:\/\/ena-nic.splet.arnes.si\/files\/2016\/10\/Priloga_1_ASCII_tabela.pdf\" target=\"_blank\" rel=\"noopener\">ASCII tabela<\/a><\/p>\n<p style=\"padding-left: 60px\"><a href=\"http:\/\/ena-nic.splet.arnes.si\/?page_id=425\">Kako so se operacijski sistemi razvijali skozi \u010das &#8230;<\/a><\/p>\n<hr>\n<h3>Vaje MS Word<\/h3>\n<p>Vaje v grobem obsegajo osnovno znanje Worda. Sledijo si v zaporedju od la\u017ejih k te\u017ejim in so namenjene utrjevanju snovi.<\/p>\n<h4 class=\"style19\" style=\"padding-left: 30px\">Vnos s tipkovnico:<\/h4>\n<p style=\"padding-left: 60px\"><a href=\"http:\/\/ena-nic.splet.arnes.si\/files\/2018\/09\/Vnos-s-tipkovnico.pdf\" target=\"_blank\" rel=\"noopener\">Vnesi besedilo s tipkovnico<\/a><\/p>\n<h4 class=\"style19\" style=\"padding-left: 30px\">Oblikovanje besedila:<\/h4>\n<p style=\"padding-left: 60px\"><a href=\"http:\/\/ena-nic.splet.arnes.si\/?page_id=151\">Oblikovanje in urejanje pisave<\/a><\/p>\n<p style=\"padding-left: 60px\"><a href=\"http:\/\/ena-nic.splet.arnes.si\/?page_id=157\">Oblikovanje in urejanje odstavkov<\/a><\/p>\n<p style=\"padding-left: 60px\"><a href=\"http:\/\/ena-nic.splet.arnes.si\/?page_id=162\">Uporaba tabulatorjev<\/a><\/p>\n<p style=\"padding-left: 60px\"><a href=\"http:\/\/ena-nic.splet.arnes.si\/?page_id=169\">O\u0161tevil\u010devanje<\/a><\/p>\n<p style=\"padding-left: 60px\"><a href=\"http:\/\/ena-nic.splet.arnes.si\/?page_id=172\">Ozna\u010devanje in o\u0161tevil\u010devanje<\/a><\/p>\n<p style=\"padding-left: 60px\"><a href=\"http:\/\/ena-nic.splet.arnes.si\/?page_id=175\">Preizkus znanja iz oblikovanja besedila&nbsp;(in stoplci)<\/a><\/p>\n<h4 class=\"style19\" style=\"padding-left: 30px\">Urejanje besedila:<\/h4>\n<p style=\"padding-left: 60px\"><a href=\"http:\/\/ena-nic.splet.arnes.si\/?page_id=179\">Vstavljanje slik<\/a><\/p>\n<h4 class=\"style19\" style=\"padding-left: 30px\">Oblikovanje in urejanje tabel:<\/h4>\n<p style=\"padding-left: 60px\"><a href=\"http:\/\/ena-nic.splet.arnes.si\/?page_id=185\">Oblikovanje tabel 1<\/a><\/p>\n<p style=\"padding-left: 60px\"><a href=\"http:\/\/ena-nic.splet.arnes.si\/?page_id=188\">Oblikovanje tabel 2<\/a><\/p>\n<p style=\"padding-left: 60px\"><a href=\"http:\/\/ena-nic.splet.arnes.si\/?page_id=191\">Oblikovanje tabel 3<\/a><\/p>\n<p style=\"padding-left: 60px\"><a href=\"http:\/\/ena-nic.splet.arnes.si\/?page_id=194\">Se\u0161tevanje v tabeli<\/a><\/p>\n<h4 class=\"style19\" style=\"padding-left: 30px\">Uporaba slogov in izdelava kazal:<\/h4>\n<p style=\"padding-left: 60px\"><a href=\"http:\/\/ena-nic.splet.arnes.si\/?page_id=222\">Oblikovanje kazala vsebine<\/a><\/p>\n<p style=\"padding-left: 60px\"><a href=\"http:\/\/ena-nic.splet.arnes.si\/?page_id=227\">Oblikovanje kazala slik<\/a><\/p>\n<h4 style=\"padding-left: 30px\">Druge vaje:<\/h4>\n<p style=\"padding-left: 60px\"><a href=\"http:\/\/ena-nic.splet.arnes.si\/?page_id=233\">Glava in noga<\/a><\/p>\n<p style=\"padding-left: 60px\"><a href=\"http:\/\/ena-nic.splet.arnes.si\/?page_id=364\">Naslovnica<\/a><\/p>\n<p style=\"padding-left: 60px\"><a href=\"http:\/\/ena-nic.splet.arnes.si\/?page_id=369\">Barva in obroba strani, vodni \u017eig in WordArt<\/a><\/p>\n<p style=\"padding-left: 60px\"><a href=\"http:\/\/ena-nic.splet.arnes.si\/?page_id=374\">Postavitev strani in miselni vzorec<\/a><\/p>\n<p style=\"padding-left: 60px\"><a href=\"http:\/\/ena-nic.splet.arnes.si\/?page_id=260\">Vstavljanje opomb<\/a><\/p>\n<hr>\n<h3>Primeri projektnih nalog<\/h3>\n<p style=\"padding-left: 60px\"><a href=\"http:\/\/ena-nic.splet.arnes.si\/files\/2016\/10\/Jabolko.pdf\" target=\"_blank\" rel=\"noopener\">Jabolko<\/a><\/p>\n<p style=\"padding-left: 60px\"><a href=\"http:\/\/ena-nic.splet.arnes.si\/files\/2016\/10\/Kitare.pdf\" target=\"_blank\" rel=\"noopener\">Kitare<\/a><\/p>\n<p style=\"padding-left: 60px\"><a href=\"http:\/\/ena-nic.splet.arnes.si\/files\/2016\/10\/Metulji.pdf\" target=\"_blank\" rel=\"noopener\">Metulji<\/a><\/p>\n<p style=\"padding-left: 60px\"><a href=\"http:\/\/ena-nic.splet.arnes.si\/files\/2016\/10\/Potresi.pdf\" target=\"_blank\" rel=\"noopener\">Potresi<\/a><\/p>\n<p style=\"padding-left: 60px\"><a href=\"http:\/\/ena-nic.splet.arnes.si\/files\/2016\/10\/Psi.pdf\" target=\"_blank\" rel=\"noopener\">Psi<\/a><\/p>\n<p style=\"padding-left: 60px\"><a href=\"http:\/\/ena-nic.splet.arnes.si\/files\/2016\/10\/Vitezi.pdf\" target=\"_blank\" rel=\"noopener\">Vitezi<\/a><\/p>\n<p style=\"padding-left: 60px\"><a href=\"http:\/\/ena-nic.splet.arnes.si\/files\/2016\/10\/Vrtnice.pdf\" target=\"_blank\" rel=\"noopener\">Vrtnice<\/a><\/p>\n<p style=\"padding-left: 60px\"><a href=\"http:\/\/ena-nic.splet.arnes.si\/files\/2016\/10\/kosarka.pdf\" target=\"_blank\" rel=\"noopener\">Ko\u0161arka<\/a><\/p>\n<p style=\"padding-left: 60px\"><a href=\"http:\/\/ena-nic.splet.arnes.si\/files\/2016\/10\/klavir.pdf\" target=\"_blank\" rel=\"noopener\">Klavir<\/a><\/p>\n<p style=\"padding-left: 60px\"><a href=\"http:\/\/ena-nic.splet.arnes.si\/files\/2017\/01\/Zgodovina_videoiger.pdf\" target=\"_blank\" rel=\"noopener\">Zgodovina videoiger<\/a><\/p>\n<p style=\"padding-left: 60px\"><a href=\"http:\/\/ena-nic.splet.arnes.si\/files\/2017\/01\/Pariz.pdf\" target=\"_blank\" rel=\"noopener\">Pariz<\/a><\/p>\n<p style=\"padding-left: 60px\"><a href=\"http:\/\/ena-nic.splet.arnes.si\/files\/2017\/01\/VB.pdf\" target=\"_blank\" rel=\"noopener\">Velika Britanija<\/a><\/p>\n<p style=\"padding-left: 60px\"><a href=\"http:\/\/ena-nic.splet.arnes.si\/files\/2017\/09\/zda.pdf\" target=\"_blank\" rel=\"noopener\">ZDA<\/a><\/p>\n<p style=\"padding-left: 60px\"><a href=\"http:\/\/ena-nic.splet.arnes.si\/files\/2017\/09\/islandija.pdf\" target=\"_blank\" rel=\"noopener\">Islandija<\/a><\/p>\n<p style=\"padding-left: 60px\"><a href=\"http:\/\/ena-nic.splet.arnes.si\/files\/2017\/09\/Kitajska.pdf\" target=\"_blank\" rel=\"noopener\">Kitajska<\/a><\/p>\n<p style=\"padding-left: 60px\"><a href=\"http:\/\/ena-nic.splet.arnes.si\/files\/2017\/09\/Kalifornija.pdf\" target=\"_blank\" rel=\"noopener\">Kalifornija<\/a><\/p>\n<p style=\"padding-left: 60px\"><a href=\"http:\/\/ena-nic.splet.arnes.si\/files\/2017\/09\/NBA.pdf\" target=\"_blank\" rel=\"noopener\">NBA<\/a><\/p>\n<hr>\n<h3>Izdelki u\u010dencev<\/h3>\n<h4 style=\"padding-left: 30px\">Izdelki 2018\/19:<\/h4>\n<p style=\"padding-left: 60px\"><a href=\"http:\/\/ena-nic.splet.arnes.si\/files\/2019\/03\/Psi.pdf\" target=\"_blank\" rel=\"noopener\">Psi<\/a><\/p>\n<p style=\"padding-left: 60px\"><a href=\"http:\/\/ena-nic.splet.arnes.si\/files\/2019\/03\/ed-sheran.pdf\" target=\"_blank\" rel=\"noopener\">Ed Sheeran<\/a><\/p>\n<p>&nbsp;<\/p>\n","protected":false},"excerpt":{"rendered":"<p>zajema osnovno spoznavanje ra\u010dunalnika in njegovih komponent ter celovite zgradbe in delovanja. Podrobno spoznamo tudi uporabo pisarni\u0161kega programa MS Word (LibreOffice Writer), nau\u010dimo se obdelave slikovnega gradiva (PhotoFiltre \/ Gimp), znamo poiskati podatke na internetu in jih kriti\u010dno ovrednotiti, spoznamo se z uporabo e-po\u0161te. Predmet zaklju\u010dimo s projektno nalogo. Izvajanje predmeta:&nbsp;2 uri tedensko&nbsp;(eno polletje) Obvezni [&hellip;]<\/p>\n","protected":false},"author":1790,"featured_media":0,"parent":44,"menu_order":0,"comment_status":"closed","ping_status":"open","template":"","meta":{"_et_pb_use_builder":"","_et_pb_old_content":"","_et_gb_content_width":"","ngg_post_thumbnail":0,"footnotes":"","_expiration-date-status":"","_expiration-date":1757334437,"_expiration-date-type":"draft","_expiration-date-categories":[],"_expiration-date-options":[]},"class_list":["post-98","page","type-page","status-publish","hentry"],"_links":{"self":[{"href":"https:\/\/ena-nic.splet.arnes.si\/index.php?rest_route=\/wp\/v2\/pages\/98","targetHints":{"allow":["GET"]}}],"collection":[{"href":"https:\/\/ena-nic.splet.arnes.si\/index.php?rest_route=\/wp\/v2\/pages"}],"about":[{"href":"https:\/\/ena-nic.splet.arnes.si\/index.php?rest_route=\/wp\/v2\/types\/page"}],"author":[{"embeddable":true,"href":"https:\/\/ena-nic.splet.arnes.si\/index.php?rest_route=\/wp\/v2\/users\/1790"}],"replies":[{"embeddable":true,"href":"https:\/\/ena-nic.splet.arnes.si\/index.php?rest_route=%2Fwp%2Fv2%2Fcomments&post=98"}],"version-history":[{"count":14,"href":"https:\/\/ena-nic.splet.arnes.si\/index.php?rest_route=\/wp\/v2\/pages\/98\/revisions"}],"predecessor-version":[{"id":995,"href":"https:\/\/ena-nic.splet.arnes.si\/index.php?rest_route=\/wp\/v2\/pages\/98\/revisions\/995"}],"up":[{"embeddable":true,"href":"https:\/\/ena-nic.splet.arnes.si\/index.php?rest_route=\/wp\/v2\/pages\/44"}],"wp:attachment":[{"href":"https:\/\/ena-nic.splet.arnes.si\/index.php?rest_route=%2Fwp%2Fv2%2Fmedia&parent=98"}],"curies":[{"name":"wp","href":"https:\/\/api.w.org\/{rel}","templated":true}]}}