{"id":44,"date":"2016-10-19T11:53:07","date_gmt":"2016-10-19T09:53:07","guid":{"rendered":"http:\/\/ena-nic.splet.arnes.si\/?page_id=44"},"modified":"2019-01-03T11:43:33","modified_gmt":"2019-01-03T10:43:33","slug":"zacetna-stran","status":"publish","type":"page","link":"https:\/\/ena-nic.splet.arnes.si\/","title":{"rendered":"Izberite predmet"},"content":{"rendered":"<p><img loading=\"lazy\" decoding=\"async\" class=\"alignnone size-large wp-image-62\" src=\"http:\/\/ena-nic.splet.arnes.si\/files\/2016\/10\/IT-menu-1024x403.jpg\" alt=\"IT-menu\" width=\"1024\" height=\"403\" srcset=\"https:\/\/ena-nic.splet.arnes.si\/files\/2016\/10\/IT-menu-1024x403.jpg 1024w, https:\/\/ena-nic.splet.arnes.si\/files\/2016\/10\/IT-menu-300x118.jpg 300w, https:\/\/ena-nic.splet.arnes.si\/files\/2016\/10\/IT-menu-1080x425.jpg 1080w, https:\/\/ena-nic.splet.arnes.si\/files\/2016\/10\/IT-menu.jpg 1200w\" sizes=\"(max-width: 1024px) 100vw, 1024px\" \/><\/p>\n<a href='http:\/\/ena-nic.splet.arnes.si\/?page_id=98' class='big-button bigorange'>IP urejanje besedil<\/a>\n<a href='http:\/\/ena-nic.splet.arnes.si\/?page_id=110' class='big-button bigblue'>IP multimedija<\/a>\n<a href='http:\/\/ena-nic.splet.arnes.si\/?page_id=114' class='big-button bigred'>IP ra\u010dunalni\u0161ka omre\u017eja<\/a>\n<a href='http:\/\/ena-nic.splet.arnes.si\/?page_id=117' class='big-button biggreen'>NIP ra\u010dunalni\u0161tvo 4<\/a>\n<a href='http:\/\/ena-nic.splet.arnes.si\/?page_id=125' class='big-button bigteal'>NIP ra\u010dunalni\u0161tvo 5<\/a>\n<a href='http:\/\/ena-nic.splet.arnes.si\/?page_id=267' class='big-button bigpurple'>Ra\u010dunalni\u0161ko opismenjevanje<\/a>\n<a href='http:\/\/ena-nic.splet.arnes.si\/?page_id=635' class='big-button bigsilver'>Ra\u010dunalni\u0161ki kro\u017eek<\/a>\n<header class=\"entry-header\">\n<hr \/>\n<p>&nbsp;<\/p>\n<h1 class=\"entry-title\" style=\"text-align: justify\"><a title=\"Trajna povezava do Ra\u010dunalni\u0161tvo\" href=\"http:\/\/www.oslivade.si\/racunalnistvo\/\" rel=\"bookmark\">Ra\u010dunalni\u0161tvo<\/a><\/h1>\n<\/header>\n<div class=\"entry-content\" style=\"text-align: justify\">\n<p><img loading=\"lazy\" decoding=\"async\" class=\"alignleft size-thumbnail wp-image-875\" src=\"http:\/\/ena-nic.splet.arnes.si\/files\/2016\/10\/help-150x150.jpg\" alt=\"\" width=\"150\" height=\"150\" srcset=\"https:\/\/ena-nic.splet.arnes.si\/files\/2016\/10\/help-150x150.jpg 150w, https:\/\/ena-nic.splet.arnes.si\/files\/2016\/10\/help.jpg 225w\" sizes=\"(max-width: 150px) 100vw, 150px\" \/>V dana\u0161nji dru\u017ebi ima ra\u010dunalni\u0161tvo pomembno vlogo, saj je vklju\u010deno v vsa podro\u010dja na\u0161ega \u017eivljenja. Da bi bili v tej dru\u017ebi uspe\u0161ni, moramo razumeti delovanje informacijsko-komunikacijskih tehnologij in konceptov, na katerih temelji tehnologija. Izbirni predmeti seznanjajo u\u010dence z razli\u010dnimi podro\u010dji ra\u010dunalni\u0161tva. Predmeti ne temeljijo na spoznavanju dela s posameznimi programi, ampak u\u010dence seznanjajo s temeljnimi ra\u010dunalni\u0161kimi koncepti in procesi.<\/p>\n<p>U\u010denci se pri ra\u010dunalni\u0161tvu seznanjajo s <img loading=\"lazy\" decoding=\"async\" class=\"alignright size-thumbnail wp-image-877\" src=\"http:\/\/ena-nic.splet.arnes.si\/files\/2016\/10\/thinking3-150x150.jpg\" alt=\"\" width=\"150\" height=\"150\" srcset=\"https:\/\/ena-nic.splet.arnes.si\/files\/2016\/10\/thinking3-150x150.jpg 150w, https:\/\/ena-nic.splet.arnes.si\/files\/2016\/10\/thinking3.jpg 160w\" sizes=\"(max-width: 150px) 100vw, 150px\" \/>tehnikami in metodami re\u0161evanja problemov in razvijajo algoritmi\u010den na\u010din razmi\u0161ljanja, spoznavajo omejitve ra\u010dunalnikov in njihov vpliv na dru\u017ebo. Na\u010din dela pri predmetih spodbuja ustvarjalnost, sodelovanje in poseben na\u010din razmi\u0161ljanja ter delovanja. S spoznavanjem ra\u010dunalni\u0161kih konceptov in razvijanjem postopkovnega na\u010dina razmi\u0161ljanja u\u010denci pridobivajo znanja, spretnosti in ve\u0161\u010dine, <img loading=\"lazy\" decoding=\"async\" class=\"alignleft size-thumbnail wp-image-879\" src=\"http:\/\/ena-nic.splet.arnes.si\/files\/2016\/10\/idea-150x150.jpg\" alt=\"\" width=\"150\" height=\"150\" \/>ki so veliko bolj trajni kot hitro razvijajo\u010de se tehnologije. Ta znanja so neodvisna od tehnologij. Znanja, ki jih pridobijo u\u010denci pri tem predmetu, so prenosljiva ter uporabna na vseh podro\u010djih \u010dlove\u0161kih dejavnosti. U\u010dencem bodo koristila tudi pri drugih predmetih in v poznej\u0161em \u017eivljenju.<\/p>\n<p>Ra\u010dunalni\u0161tvo v osnovni \u0161oli izvajamo kot (neobvezni) izbirni predmet.\u00a0<img loading=\"lazy\" decoding=\"async\" class=\"alignright size-thumbnail wp-image-881\" src=\"http:\/\/ena-nic.splet.arnes.si\/files\/2016\/10\/solution-150x150.jpg\" alt=\"\" width=\"150\" height=\"150\" \/> U\u010denci in u\u010denke ga torej lahko izberejo v drugem in tretjem triletju, to je od 4. do 9. razreda. V 4., 5. in 6. razredu se predmet imenuje enostavno\u00a0<strong>Ra\u010dunalni\u0161tvo, <\/strong>v 7. razredu se u\u010dimo\u00a0<strong>Urejanja besedil<\/strong>, v 8. razredu ga poznamo kot <strong>Multimedijo<\/strong>, v 9. razredu pa spoznavamo <strong>Ra\u010dunalni\u0161ka omre\u017eja<\/strong>.<\/p>\n<address>\u00a0<\/address>\n<\/div>\n","protected":false},"excerpt":{"rendered":"<p>&nbsp; Ra\u010dunalni\u0161tvo V dana\u0161nji dru\u017ebi ima ra\u010dunalni\u0161tvo pomembno vlogo, saj je vklju\u010deno v vsa podro\u010dja na\u0161ega \u017eivljenja. Da bi bili v tej dru\u017ebi uspe\u0161ni, moramo razumeti delovanje informacijsko-komunikacijskih tehnologij in konceptov, na katerih temelji tehnologija. Izbirni predmeti seznanjajo u\u010dence z razli\u010dnimi podro\u010dji ra\u010dunalni\u0161tva. Predmeti ne temeljijo na spoznavanju dela s posameznimi programi, ampak u\u010dence seznanjajo [&hellip;]<\/p>\n","protected":false},"author":1790,"featured_media":0,"parent":0,"menu_order":0,"comment_status":"closed","ping_status":"open","template":"","meta":{"_et_pb_use_builder":"off","_et_pb_old_content":"<p>[box] Urejanje besedil[\/box]<\/p><p>[button link=\"http:\/\/www.google.si\"] Urejanje besedil[\/button]<\/p><p>[button link=\"http:\/\/www.google.si\" type=\"big\" color=\"orange\"] Multimedija[\/button]<\/p><p>[button link=\"http:\/\/www.google.si\" type=\"icon\" icon=\"warning\"] Ra\u010dunalni\u0161ka omre\u017eja[\/button]<\/p><p>[button type=\"big\" color=\"red\"] Test[\/button]<\/p><p>[tabs slidertype=\"top tabs\" auto=\"yes\"] [tabcontainer] [tabtext]NIP 4[\/tabtext] [\/tabcontainer] [tabcontent] [tab]Ra\u010dunalni\u0161tvo za 4. razrede[\/tab] [\/tabcontent] [\/tabs]<\/p>","_et_gb_content_width":"","ngg_post_thumbnail":0,"footnotes":""},"class_list":["post-44","page","type-page","status-publish","hentry"],"publishpress_future_action":{"enabled":false,"date":"2026-05-22 10:46:15","action":"change-status","newStatus":"draft","terms":[],"taxonomy":"","extraData":[]},"publishpress_future_workflow_manual_trigger":{"enabledWorkflows":[]},"_links":{"self":[{"href":"https:\/\/ena-nic.splet.arnes.si\/index.php?rest_route=\/wp\/v2\/pages\/44","targetHints":{"allow":["GET"]}}],"collection":[{"href":"https:\/\/ena-nic.splet.arnes.si\/index.php?rest_route=\/wp\/v2\/pages"}],"about":[{"href":"https:\/\/ena-nic.splet.arnes.si\/index.php?rest_route=\/wp\/v2\/types\/page"}],"author":[{"embeddable":true,"href":"https:\/\/ena-nic.splet.arnes.si\/index.php?rest_route=\/wp\/v2\/users\/1790"}],"replies":[{"embeddable":true,"href":"https:\/\/ena-nic.splet.arnes.si\/index.php?rest_route=%2Fwp%2Fv2%2Fcomments&post=44"}],"version-history":[{"count":65,"href":"https:\/\/ena-nic.splet.arnes.si\/index.php?rest_route=\/wp\/v2\/pages\/44\/revisions"}],"predecessor-version":[{"id":883,"href":"https:\/\/ena-nic.splet.arnes.si\/index.php?rest_route=\/wp\/v2\/pages\/44\/revisions\/883"}],"wp:attachment":[{"href":"https:\/\/ena-nic.splet.arnes.si\/index.php?rest_route=%2Fwp%2Fv2%2Fmedia&parent=44"}],"curies":[{"name":"wp","href":"https:\/\/api.w.org\/{rel}","templated":true}]}}