{"id":425,"date":"2016-11-29T14:04:52","date_gmt":"2016-11-29T13:04:52","guid":{"rendered":"http:\/\/ena-nic.splet.arnes.si\/?page_id=425"},"modified":"2022-02-16T11:10:17","modified_gmt":"2022-02-16T10:10:17","slug":"kako-so-se-operacijski-sistemi-razvijali-skozi-cas","status":"publish","type":"page","link":"https:\/\/ena-nic.splet.arnes.si\/?page_id=425","title":{"rendered":"Kako so se operacijski sistemi razvijali skozi \u010das &#8230;"},"content":{"rendered":"<p>Ali ve\u0161, kako se je razvijal najbolj priljubljen operacijski sistem Windows? Katero razli\u010dico Windowsov pozna\u0161? XP? Najbr\u017e ne ve\u010d&#8230; Kaj pa Vista? Win 7, 8&#8230; 10? Windowsi so seveda obstajali \u017ee dolgo prej&#8230;<\/p>\n<p>Te zanima, kako je izgledal Windows 1.0? Iz\u0161el je leta 1985 (\u010deprav je bil najavljen 1983). Tukaj ga lahko preizkusi\u0161:<\/p>\n<p style=\"text-align: left\"><a href=\"http:\/\/jsmachines.net\/configs\/pc\/machines\/5160\/cga\/256kb\/win101\/\" target=\"_blank\" rel=\"noopener\"><img loading=\"lazy\" decoding=\"async\" class=\"aligncenter size-full wp-image-428\" src=\"http:\/\/ena-nic.splet.arnes.si\/files\/2016\/11\/win1.jpg\" alt=\"win1\" width=\"480\" height=\"360\" srcset=\"https:\/\/ena-nic.splet.arnes.si\/files\/2016\/11\/win1.jpg 480w, https:\/\/ena-nic.splet.arnes.si\/files\/2016\/11\/win1-300x225.jpg 300w\" sizes=\"(max-width: 480px) 100vw, 480px\" \/><\/a><\/p>\n<p style=\"text-align: left\">Windows 2.0 iz leta 1987 je izgledal tako:<\/p>\n<p style=\"text-align: left\"><img loading=\"lazy\" decoding=\"async\" class=\"aligncenter size-full wp-image-446\" src=\"http:\/\/ena-nic.splet.arnes.si\/files\/2016\/11\/win2.jpg\" alt=\"win2\" width=\"480\" height=\"358\" srcset=\"https:\/\/ena-nic.splet.arnes.si\/files\/2016\/11\/win2.jpg 480w, https:\/\/ena-nic.splet.arnes.si\/files\/2016\/11\/win2-300x224.jpg 300w\" sizes=\"(max-width: 480px) 100vw, 480px\" \/><\/p>\n<p style=\"text-align: left\">Preizkusi\u0161 lahko tudi Windows 3.0, ki je iz\u0161el 1990:<\/p>\n<p style=\"text-align: left\"><a href=\"http:\/\/jamesfriend.com.au\/pce-js\/ibmpc-win\/\" target=\"_blank\" rel=\"noopener\"><img loading=\"lazy\" decoding=\"async\" class=\"aligncenter size-full wp-image-429\" src=\"http:\/\/ena-nic.splet.arnes.si\/files\/2016\/11\/win3-1.jpg\" alt=\"win3-1\" width=\"480\" height=\"360\" srcset=\"https:\/\/ena-nic.splet.arnes.si\/files\/2016\/11\/win3-1.jpg 480w, https:\/\/ena-nic.splet.arnes.si\/files\/2016\/11\/win3-1-300x225.jpg 300w\" sizes=\"(max-width: 480px) 100vw, 480px\" \/><\/a><\/p>\n<p>OS Windows (kronolo\u0161ko, od verzije 95 naprej):<\/p>\n<p><img loading=\"lazy\" decoding=\"async\" class=\"aligncenter size-full wp-image-447\" src=\"http:\/\/ena-nic.splet.arnes.si\/files\/2016\/11\/win_95.png\" alt=\"win_95\" width=\"480\" height=\"300\" srcset=\"https:\/\/ena-nic.splet.arnes.si\/files\/2016\/11\/win_95.png 480w, https:\/\/ena-nic.splet.arnes.si\/files\/2016\/11\/win_95-300x188.png 300w, https:\/\/ena-nic.splet.arnes.si\/files\/2016\/11\/win_95-400x250.png 400w\" sizes=\"(max-width: 480px) 100vw, 480px\" \/><\/p>\n<p><img loading=\"lazy\" decoding=\"async\" class=\"aligncenter size-full wp-image-448\" src=\"http:\/\/ena-nic.splet.arnes.si\/files\/2016\/11\/win98.jpg\" alt=\"win98\" width=\"480\" height=\"270\" srcset=\"https:\/\/ena-nic.splet.arnes.si\/files\/2016\/11\/win98.jpg 480w, https:\/\/ena-nic.splet.arnes.si\/files\/2016\/11\/win98-300x169.jpg 300w\" sizes=\"(max-width: 480px) 100vw, 480px\" \/><\/p>\n<p><img loading=\"lazy\" decoding=\"async\" class=\"aligncenter size-full wp-image-449\" src=\"http:\/\/ena-nic.splet.arnes.si\/files\/2016\/11\/win2000.jpg\" alt=\"win2000\" width=\"480\" height=\"360\" srcset=\"https:\/\/ena-nic.splet.arnes.si\/files\/2016\/11\/win2000.jpg 480w, https:\/\/ena-nic.splet.arnes.si\/files\/2016\/11\/win2000-300x225.jpg 300w\" sizes=\"(max-width: 480px) 100vw, 480px\" \/><\/p>\n<p><img loading=\"lazy\" decoding=\"async\" class=\"aligncenter size-full wp-image-450\" src=\"http:\/\/ena-nic.splet.arnes.si\/files\/2016\/11\/winme.jpg\" alt=\"winme\" width=\"480\" height=\"355\" srcset=\"https:\/\/ena-nic.splet.arnes.si\/files\/2016\/11\/winme.jpg 480w, https:\/\/ena-nic.splet.arnes.si\/files\/2016\/11\/winme-300x222.jpg 300w\" sizes=\"(max-width: 480px) 100vw, 480px\" \/><\/p>\n<p><img loading=\"lazy\" decoding=\"async\" class=\"aligncenter size-full wp-image-451\" src=\"http:\/\/ena-nic.splet.arnes.si\/files\/2016\/11\/winxp.jpg\" alt=\"winxp\" width=\"480\" height=\"320\" srcset=\"https:\/\/ena-nic.splet.arnes.si\/files\/2016\/11\/winxp.jpg 480w, https:\/\/ena-nic.splet.arnes.si\/files\/2016\/11\/winxp-300x200.jpg 300w\" sizes=\"(max-width: 480px) 100vw, 480px\" \/><\/p>\n<p><img loading=\"lazy\" decoding=\"async\" class=\"aligncenter size-full wp-image-452\" src=\"http:\/\/ena-nic.splet.arnes.si\/files\/2016\/11\/winvista.jpg\" alt=\"winvista\" width=\"480\" height=\"270\" srcset=\"https:\/\/ena-nic.splet.arnes.si\/files\/2016\/11\/winvista.jpg 480w, https:\/\/ena-nic.splet.arnes.si\/files\/2016\/11\/winvista-300x169.jpg 300w\" sizes=\"(max-width: 480px) 100vw, 480px\" \/><\/p>\n<p><img loading=\"lazy\" decoding=\"async\" class=\"aligncenter size-full wp-image-453\" src=\"http:\/\/ena-nic.splet.arnes.si\/files\/2016\/11\/win7.jpg\" alt=\"win7\" width=\"480\" height=\"240\" srcset=\"https:\/\/ena-nic.splet.arnes.si\/files\/2016\/11\/win7.jpg 480w, https:\/\/ena-nic.splet.arnes.si\/files\/2016\/11\/win7-300x150.jpg 300w\" sizes=\"(max-width: 480px) 100vw, 480px\" \/><\/p>\n<p><img loading=\"lazy\" decoding=\"async\" class=\"aligncenter size-full wp-image-454\" src=\"http:\/\/ena-nic.splet.arnes.si\/files\/2016\/11\/win8.jpg\" alt=\"win8\" width=\"480\" height=\"300\" srcset=\"https:\/\/ena-nic.splet.arnes.si\/files\/2016\/11\/win8.jpg 480w, https:\/\/ena-nic.splet.arnes.si\/files\/2016\/11\/win8-300x188.jpg 300w, https:\/\/ena-nic.splet.arnes.si\/files\/2016\/11\/win8-400x250.jpg 400w\" sizes=\"(max-width: 480px) 100vw, 480px\" \/><\/p>\n<p><img loading=\"lazy\" decoding=\"async\" class=\"aligncenter size-full wp-image-455\" src=\"http:\/\/ena-nic.splet.arnes.si\/files\/2016\/11\/win10.jpg\" alt=\"win10\" width=\"480\" height=\"270\" srcset=\"https:\/\/ena-nic.splet.arnes.si\/files\/2016\/11\/win10.jpg 480w, https:\/\/ena-nic.splet.arnes.si\/files\/2016\/11\/win10-300x169.jpg 300w\" sizes=\"(max-width: 480px) 100vw, 480px\" \/><\/p>\n<p style=\"text-align: center\"><img loading=\"lazy\" decoding=\"async\" class=\"aligncenter size-full wp-image-976\" src=\"https:\/\/ena-nic.splet.arnes.si\/files\/2022\/02\/windows_11-e1645006195828.jpg\" alt=\"\" width=\"480\" height=\"269\" \/><\/p>\n<p style=\"text-align: center\">\n<p>Kaj pa druge OS (operacijske sisteme)&#8230; jih pozna\u0161? No, \u017ee leta 1991 je iz\u0161el Mac OS System 7. Ga \u017eeli\u0161 preizkusiti?<\/p>\n<p><a href=\"http:\/\/jamesfriend.com.au\/pce-js\/pce-js-apps\/\" target=\"_blank\" rel=\"noopener\"><img loading=\"lazy\" decoding=\"async\" class=\"aligncenter size-full wp-image-430\" src=\"http:\/\/ena-nic.splet.arnes.si\/files\/2016\/11\/Macintosh-System-7-5-3.png\" alt=\"Macintosh-System-7-5-3\" width=\"480\" height=\"360\" srcset=\"https:\/\/ena-nic.splet.arnes.si\/files\/2016\/11\/Macintosh-System-7-5-3.png 480w, https:\/\/ena-nic.splet.arnes.si\/files\/2016\/11\/Macintosh-System-7-5-3-300x225.png 300w\" sizes=\"(max-width: 480px) 100vw, 480px\" \/><\/a><\/p>\n<p>Tudi za\u010detek odprtokodnega Linux-a datira v leto 1991. Pozna\u0161 njegovo maskoto? S klikom na Tuxa si lahko prebere\u0161 ve\u010d o\u00a0tem operacijskem sistemu.<\/p>\n<p><a href=\"https:\/\/sl.wikipedia.org\/wiki\/Linux\" target=\"_blank\" rel=\"noopener\"><img loading=\"lazy\" decoding=\"async\" class=\"aligncenter size-full wp-image-441\" src=\"http:\/\/ena-nic.splet.arnes.si\/files\/2016\/11\/Tux.png\" alt=\"Tux\" width=\"280\" height=\"330\" srcset=\"https:\/\/ena-nic.splet.arnes.si\/files\/2016\/11\/Tux.png 280w, https:\/\/ena-nic.splet.arnes.si\/files\/2016\/11\/Tux-255x300.png 255w\" sizes=\"(max-width: 280px) 100vw, 280px\" \/><\/a><\/p>\n<p>No, za konec pa \u0161e nekaj precej starih osebnih ra\u010dunalnikov iz obdobja, ko je ra\u010dunalnike spoznaval tvoj u\u010ditelj &#8230; \ud83d\ude42 Vse 3 lahko tudi preizkusite.<\/p>\n<p>Amiga 500 (iz leta 1991):<\/p>\n<p><a href=\"http:\/\/pnacl-amiga-emulator.appspot.com\/\" target=\"_blank\" rel=\"noopener\"><img loading=\"lazy\" decoding=\"async\" class=\"aligncenter size-full wp-image-431\" src=\"http:\/\/ena-nic.splet.arnes.si\/files\/2016\/11\/macgpic-1381175991-1705226696184-sc-op.jpg\" alt=\"macgpic-1381175991-1705226696184-sc-op\" width=\"480\" height=\"417\" srcset=\"https:\/\/ena-nic.splet.arnes.si\/files\/2016\/11\/macgpic-1381175991-1705226696184-sc-op.jpg 480w, https:\/\/ena-nic.splet.arnes.si\/files\/2016\/11\/macgpic-1381175991-1705226696184-sc-op-300x261.jpg 300w\" sizes=\"(max-width: 480px) 100vw, 480px\" \/><\/a><\/p>\n<p>Commodore 64:<\/p>\n<p><a href=\"http:\/\/codeazur.com.br\/stuff\/fc64_final\/\" target=\"_blank\" rel=\"noopener\"><img loading=\"lazy\" decoding=\"async\" class=\"aligncenter size-full wp-image-432\" src=\"http:\/\/ena-nic.splet.arnes.si\/files\/2016\/11\/commodore64.jpg\" alt=\"commodore64\" width=\"531\" height=\"350\" srcset=\"https:\/\/ena-nic.splet.arnes.si\/files\/2016\/11\/commodore64.jpg 531w, https:\/\/ena-nic.splet.arnes.si\/files\/2016\/11\/commodore64-300x198.jpg 300w\" sizes=\"(max-width: 531px) 100vw, 531px\" \/><\/a><\/p>\n<p>ZX81:<\/p>\n<p><a href=\"http:\/\/www.zx81stuff.org.uk\/zx81\/jtyone.html\" target=\"_blank\" rel=\"noopener\"><img loading=\"lazy\" decoding=\"async\" class=\"aligncenter size-full wp-image-433\" src=\"http:\/\/ena-nic.splet.arnes.si\/files\/2016\/11\/zx81.jpg\" alt=\"zx81\" width=\"650\" height=\"395\" srcset=\"https:\/\/ena-nic.splet.arnes.si\/files\/2016\/11\/zx81.jpg 650w, https:\/\/ena-nic.splet.arnes.si\/files\/2016\/11\/zx81-300x182.jpg 300w\" sizes=\"(max-width: 650px) 100vw, 650px\" \/><\/a><\/p>\n","protected":false},"excerpt":{"rendered":"<p>Ali ve\u0161, kako se je razvijal najbolj priljubljen operacijski sistem Windows? Katero razli\u010dico Windowsov pozna\u0161? XP? Najbr\u017e ne ve\u010d&#8230; Kaj pa Vista? Win 7, 8&#8230; 10? Windowsi so seveda obstajali \u017ee dolgo prej&#8230; Te zanima, kako je izgledal Windows 1.0? Iz\u0161el je leta 1985 (\u010deprav je bil najavljen 1983). Tukaj ga lahko preizkusi\u0161: Windows 2.0 [&hellip;]<\/p>\n","protected":false},"author":1790,"featured_media":0,"parent":0,"menu_order":0,"comment_status":"closed","ping_status":"open","template":"","meta":{"_et_pb_use_builder":"off","_et_pb_old_content":"Ali ve\u0161, kako se je razvijal najbolj priljubljen operacijski sistem Windows? Katero razli\u010dico Windowsov pozna\u0161? XP? Najbr\u017e ne ve\u010d... Kaj pa Vista? Win 7, 8... 10? Windowsi so seveda obstajali \u017ee dolgo prej...\n\nTe zanima, kako je izgledal Windows 1.0? Iz\u0161el je leta 1985 (\u010deprav je bil najavljen 1983). Tukaj ga lahko preizkusi\u0161:\n<p style=\"text-align: left;\"><a href=\"http:\/\/jsmachines.net\/configs\/pc\/machines\/5160\/cga\/256kb\/win101\/\" target=\"_blank\" rel=\"noopener\"><img class=\"aligncenter size-full wp-image-428\" src=\"http:\/\/ena-nic.splet.arnes.si\/files\/2016\/11\/win1.jpg\" alt=\"win1\" width=\"480\" height=\"360\" \/><\/a><\/p>\n<p style=\"text-align: left;\">Windows 2.0 iz leta 1987 je izgledal tako:<\/p>\n<p style=\"text-align: left;\"><img class=\"aligncenter size-full wp-image-446\" src=\"http:\/\/ena-nic.splet.arnes.si\/files\/2016\/11\/win2.jpg\" alt=\"win2\" width=\"480\" height=\"358\" \/><\/p>\n<p style=\"text-align: left;\">Preizkusi\u0161 lahko tudi Windows 3.0, ki je iz\u0161el 1990:<\/p>\n<p style=\"text-align: left;\"><a href=\"http:\/\/jamesfriend.com.au\/pce-js\/ibmpc-win\/\" target=\"_blank\" rel=\"noopener\"><img class=\"aligncenter size-full wp-image-429\" src=\"http:\/\/ena-nic.splet.arnes.si\/files\/2016\/11\/win3-1.jpg\" alt=\"win3-1\" width=\"480\" height=\"360\" \/><\/a><\/p>\nOS Windows (kronolo\u0161ko, od verzije 95 naprej):\n\n<img class=\"aligncenter size-full wp-image-447\" src=\"http:\/\/ena-nic.splet.arnes.si\/files\/2016\/11\/win_95.png\" alt=\"win_95\" width=\"480\" height=\"300\" \/>\n\n<img class=\"aligncenter size-full wp-image-448\" src=\"http:\/\/ena-nic.splet.arnes.si\/files\/2016\/11\/win98.jpg\" alt=\"win98\" width=\"480\" height=\"270\" \/>\n\n<img class=\"aligncenter size-full wp-image-449\" src=\"http:\/\/ena-nic.splet.arnes.si\/files\/2016\/11\/win2000.jpg\" alt=\"win2000\" width=\"480\" height=\"360\" \/>\n\n<img class=\"aligncenter size-full wp-image-450\" src=\"http:\/\/ena-nic.splet.arnes.si\/files\/2016\/11\/winme.jpg\" alt=\"winme\" width=\"480\" height=\"355\" \/>\n\n<img class=\"aligncenter size-full wp-image-451\" src=\"http:\/\/ena-nic.splet.arnes.si\/files\/2016\/11\/winxp.jpg\" alt=\"winxp\" width=\"480\" height=\"320\" \/>\n\n<img class=\"aligncenter size-full wp-image-452\" src=\"http:\/\/ena-nic.splet.arnes.si\/files\/2016\/11\/winvista.jpg\" alt=\"winvista\" width=\"480\" height=\"270\" \/>\n\n<img class=\"aligncenter size-full wp-image-453\" src=\"http:\/\/ena-nic.splet.arnes.si\/files\/2016\/11\/win7.jpg\" alt=\"win7\" width=\"480\" height=\"240\" \/>\n\n<img class=\"aligncenter size-full wp-image-454\" src=\"http:\/\/ena-nic.splet.arnes.si\/files\/2016\/11\/win8.jpg\" alt=\"win8\" width=\"480\" height=\"300\" \/>\n\n<img class=\"aligncenter size-full wp-image-455\" src=\"http:\/\/ena-nic.splet.arnes.si\/files\/2016\/11\/win10.jpg\" alt=\"win10\" width=\"480\" height=\"270\" \/>\n<p style=\"text-align: center;\"><\/p>\nKaj pa druge OS (operacijske sisteme)... jih pozna\u0161? No, \u017ee leta 1991 je iz\u0161el Mac OS System 7. Ga \u017eeli\u0161 preizkusiti?\n\n<a href=\"http:\/\/jamesfriend.com.au\/pce-js\/pce-js-apps\/\" target=\"_blank\" rel=\"noopener\"><img class=\"aligncenter size-full wp-image-430\" src=\"http:\/\/ena-nic.splet.arnes.si\/files\/2016\/11\/Macintosh-System-7-5-3.png\" alt=\"Macintosh-System-7-5-3\" width=\"480\" height=\"360\" \/><\/a>\n\nTudi za\u010detek odprtokodnega Linux-a datira v leto 1991. Pozna\u0161 njegovo maskoto? S klikom na Tuxa si lahko prebere\u0161 ve\u010d o\u00a0tem operacijskem sistemu.\n\n<a href=\"https:\/\/sl.wikipedia.org\/wiki\/Linux\" target=\"_blank\" rel=\"noopener\"><img class=\"aligncenter size-full wp-image-441\" src=\"http:\/\/ena-nic.splet.arnes.si\/files\/2016\/11\/Tux.png\" alt=\"Tux\" width=\"280\" height=\"330\" \/><\/a>\n\nNo, za konec pa \u0161e nekaj precej starih osebnih ra\u010dunalnikov iz obdobja, ko je ra\u010dunalnike spoznaval tvoj u\u010ditelj... :) Vse 3 lahko tudi preizkusite.\n\nAmiga 500 (iz leta 1991):\n\n<a href=\"http:\/\/pnacl-amiga-emulator.appspot.com\/\" target=\"_blank\" rel=\"noopener\"><img class=\"aligncenter size-full wp-image-431\" src=\"http:\/\/ena-nic.splet.arnes.si\/files\/2016\/11\/macgpic-1381175991-1705226696184-sc-op.jpg\" alt=\"macgpic-1381175991-1705226696184-sc-op\" width=\"480\" height=\"417\" \/><\/a>\n\nCommodore 64:\n\n<a href=\"http:\/\/codeazur.com.br\/stuff\/fc64_final\/\" target=\"_blank\" rel=\"noopener\"><img class=\"aligncenter size-full wp-image-432\" src=\"http:\/\/ena-nic.splet.arnes.si\/files\/2016\/11\/commodore64.jpg\" alt=\"commodore64\" width=\"531\" height=\"350\" \/><\/a>\n\nZX81:\n\n<a href=\"http:\/\/www.zx81stuff.org.uk\/zx81\/jtyone.html\" target=\"_blank\" rel=\"noopener\"><img class=\"aligncenter size-full wp-image-433\" src=\"http:\/\/ena-nic.splet.arnes.si\/files\/2016\/11\/zx81.jpg\" alt=\"zx81\" width=\"650\" height=\"395\" \/><\/a>","_et_gb_content_width":"","ngg_post_thumbnail":0,"footnotes":"","_expiration-date-status":"saved","_expiration-date":0,"_expiration-date-type":"","_expiration-date-categories":[],"_expiration-date-options":[]},"class_list":["post-425","page","type-page","status-publish","hentry"],"_links":{"self":[{"href":"https:\/\/ena-nic.splet.arnes.si\/index.php?rest_route=\/wp\/v2\/pages\/425","targetHints":{"allow":["GET"]}}],"collection":[{"href":"https:\/\/ena-nic.splet.arnes.si\/index.php?rest_route=\/wp\/v2\/pages"}],"about":[{"href":"https:\/\/ena-nic.splet.arnes.si\/index.php?rest_route=\/wp\/v2\/types\/page"}],"author":[{"embeddable":true,"href":"https:\/\/ena-nic.splet.arnes.si\/index.php?rest_route=\/wp\/v2\/users\/1790"}],"replies":[{"embeddable":true,"href":"https:\/\/ena-nic.splet.arnes.si\/index.php?rest_route=%2Fwp%2Fv2%2Fcomments&post=425"}],"version-history":[{"count":13,"href":"https:\/\/ena-nic.splet.arnes.si\/index.php?rest_route=\/wp\/v2\/pages\/425\/revisions"}],"predecessor-version":[{"id":977,"href":"https:\/\/ena-nic.splet.arnes.si\/index.php?rest_route=\/wp\/v2\/pages\/425\/revisions\/977"}],"wp:attachment":[{"href":"https:\/\/ena-nic.splet.arnes.si\/index.php?rest_route=%2Fwp%2Fv2%2Fmedia&parent=425"}],"curies":[{"name":"wp","href":"https:\/\/api.w.org\/{rel}","templated":true}]}}