{"id":374,"date":"2016-10-28T09:49:44","date_gmt":"2016-10-28T07:49:44","guid":{"rendered":"http:\/\/ena-nic.splet.arnes.si\/?page_id=374"},"modified":"2016-10-28T09:49:44","modified_gmt":"2016-10-28T07:49:44","slug":"postavitev-strani-in-miselni-vzorec","status":"publish","type":"page","link":"https:\/\/ena-nic.splet.arnes.si\/?page_id=374","title":{"rendered":"Postavitev strani in miselni vzorec"},"content":{"rendered":"<p>Obrni stran v le\u017ee\u010do obliko, nato pa izdelaj preprost miselni vzorec z uporabo oblik. Kot ideja naj slu\u017eita spodnja primera.<\/p>\n<p><img loading=\"lazy\" decoding=\"async\" class=\"aligncenter size-full wp-image-375\" src=\"http:\/\/ena-nic.splet.arnes.si\/files\/2016\/10\/miselni_vzorec_1.jpg\" alt=\"miselni_vzorec_1\" width=\"647\" height=\"469\" srcset=\"https:\/\/ena-nic.splet.arnes.si\/files\/2016\/10\/miselni_vzorec_1.jpg 647w, https:\/\/ena-nic.splet.arnes.si\/files\/2016\/10\/miselni_vzorec_1-300x217.jpg 300w\" sizes=\"(max-width: 647px) 100vw, 647px\" \/><\/p>\n<p>&nbsp;<\/p>\n<p><img loading=\"lazy\" decoding=\"async\" class=\"aligncenter  wp-image-376\" src=\"http:\/\/ena-nic.splet.arnes.si\/files\/2016\/10\/miselni_vzorec.jpg\" alt=\"miselni_vzorec\" width=\"761\" height=\"559\" srcset=\"https:\/\/ena-nic.splet.arnes.si\/files\/2016\/10\/miselni_vzorec.jpg 879w, https:\/\/ena-nic.splet.arnes.si\/files\/2016\/10\/miselni_vzorec-300x220.jpg 300w\" sizes=\"(max-width: 761px) 100vw, 761px\" \/><\/p>\n<p style=\"text-align: left\">\n","protected":false},"excerpt":{"rendered":"<p>Obrni stran v le\u017ee\u010do obliko, nato pa izdelaj preprost miselni vzorec z uporabo oblik. Kot ideja naj slu\u017eita spodnja primera. &nbsp;<\/p>\n","protected":false},"author":1790,"featured_media":0,"parent":0,"menu_order":0,"comment_status":"closed","ping_status":"open","template":"","meta":{"_et_pb_use_builder":"","_et_pb_old_content":"","_et_gb_content_width":"","ngg_post_thumbnail":0,"footnotes":"","_expiration-date-status":"saved","_expiration-date":0,"_expiration-date-type":"","_expiration-date-categories":[],"_expiration-date-options":[]},"class_list":["post-374","page","type-page","status-publish","hentry"],"_links":{"self":[{"href":"https:\/\/ena-nic.splet.arnes.si\/index.php?rest_route=\/wp\/v2\/pages\/374","targetHints":{"allow":["GET"]}}],"collection":[{"href":"https:\/\/ena-nic.splet.arnes.si\/index.php?rest_route=\/wp\/v2\/pages"}],"about":[{"href":"https:\/\/ena-nic.splet.arnes.si\/index.php?rest_route=\/wp\/v2\/types\/page"}],"author":[{"embeddable":true,"href":"https:\/\/ena-nic.splet.arnes.si\/index.php?rest_route=\/wp\/v2\/users\/1790"}],"replies":[{"embeddable":true,"href":"https:\/\/ena-nic.splet.arnes.si\/index.php?rest_route=%2Fwp%2Fv2%2Fcomments&post=374"}],"version-history":[{"count":1,"href":"https:\/\/ena-nic.splet.arnes.si\/index.php?rest_route=\/wp\/v2\/pages\/374\/revisions"}],"predecessor-version":[{"id":377,"href":"https:\/\/ena-nic.splet.arnes.si\/index.php?rest_route=\/wp\/v2\/pages\/374\/revisions\/377"}],"wp:attachment":[{"href":"https:\/\/ena-nic.splet.arnes.si\/index.php?rest_route=%2Fwp%2Fv2%2Fmedia&parent=374"}],"curies":[{"name":"wp","href":"https:\/\/api.w.org\/{rel}","templated":true}]}}