{"id":267,"date":"2016-10-22T21:20:45","date_gmt":"2016-10-22T19:20:45","guid":{"rendered":"http:\/\/ena-nic.splet.arnes.si\/?page_id=267"},"modified":"2019-01-03T12:17:55","modified_gmt":"2019-01-03T11:17:55","slug":"racunalnisko-opismenjevanje","status":"publish","type":"page","link":"https:\/\/ena-nic.splet.arnes.si\/?page_id=267","title":{"rendered":"Ra\u010dunalni\u0161ko opismenjevanje"},"content":{"rendered":"<p><img loading=\"lazy\" decoding=\"async\" class=\" wp-image-300 alignleft\" src=\"http:\/\/ena-nic.splet.arnes.si\/files\/2016\/10\/mouse-300x300.jpg\" alt=\"mouse\" width=\"173\" height=\"173\" srcset=\"https:\/\/ena-nic.splet.arnes.si\/files\/2016\/10\/mouse-300x300.jpg 300w, https:\/\/ena-nic.splet.arnes.si\/files\/2016\/10\/mouse-150x150.jpg 150w, https:\/\/ena-nic.splet.arnes.si\/files\/2016\/10\/mouse.jpg 500w\" sizes=\"(max-width: 173px) 100vw, 173px\" \/>Na tej strani je na voljo nekaj povezav do osnovnih ra\u010dunalni\u0161kih vaj in didakti\u010dnih igric.<\/p>\n<p><a href=\"http:\/\/www2.arnes.si\/~osljjk6\/rac_opismenjevanje\/r_opismenjevanje.html\" target=\"_blank\">Ra\u010dunalni\u0161ko opismenjevanje &#8211; RO<\/a><\/p>\n<p><a href=\"http:\/\/www2.arnes.si\/~ppirc1\/Ljudska%20univerza\/tecajiro.htm\" target=\"_blank\">Te\u010daj ra\u010dunalni\u0161kega opismenjevanja (Word in Excel)<\/a><\/p>\n<p><a href=\"http:\/\/otroci.safe.si\/\" target=\"_blank\">Koti\u010dek za otroke na SAFE.SI<\/a><\/p>\n<p><a href=\"http:\/\/www.zupca.net\/\" target=\"_blank\">\u017dupcina hi\u0161a strahov<\/a><\/p>\n<p><a href=\"http:\/\/www.typingstudy.com\/sl\/\" target=\"_blank\">Spletna u\u010dilnica desetprstnega tipkanja<\/a><\/p>\n<p style=\"padding-left: 60px\">\n","protected":false},"excerpt":{"rendered":"<p>Na tej strani je na voljo nekaj povezav do osnovnih ra\u010dunalni\u0161kih vaj in didakti\u010dnih igric. Ra\u010dunalni\u0161ko opismenjevanje &#8211; RO Te\u010daj ra\u010dunalni\u0161kega opismenjevanja (Word in Excel) Koti\u010dek za otroke na SAFE.SI \u017dupcina hi\u0161a strahov Spletna u\u010dilnica desetprstnega tipkanja<\/p>\n","protected":false},"author":1790,"featured_media":0,"parent":44,"menu_order":0,"comment_status":"closed","ping_status":"open","template":"","meta":{"_et_pb_use_builder":"","_et_pb_old_content":"","_et_gb_content_width":"","ngg_post_thumbnail":0,"footnotes":"","_expiration-date-status":"saved","_expiration-date":0,"_expiration-date-type":"","_expiration-date-categories":[],"_expiration-date-options":[]},"class_list":["post-267","page","type-page","status-publish","hentry"],"_links":{"self":[{"href":"https:\/\/ena-nic.splet.arnes.si\/index.php?rest_route=\/wp\/v2\/pages\/267","targetHints":{"allow":["GET"]}}],"collection":[{"href":"https:\/\/ena-nic.splet.arnes.si\/index.php?rest_route=\/wp\/v2\/pages"}],"about":[{"href":"https:\/\/ena-nic.splet.arnes.si\/index.php?rest_route=\/wp\/v2\/types\/page"}],"author":[{"embeddable":true,"href":"https:\/\/ena-nic.splet.arnes.si\/index.php?rest_route=\/wp\/v2\/users\/1790"}],"replies":[{"embeddable":true,"href":"https:\/\/ena-nic.splet.arnes.si\/index.php?rest_route=%2Fwp%2Fv2%2Fcomments&post=267"}],"version-history":[{"count":13,"href":"https:\/\/ena-nic.splet.arnes.si\/index.php?rest_route=\/wp\/v2\/pages\/267\/revisions"}],"predecessor-version":[{"id":885,"href":"https:\/\/ena-nic.splet.arnes.si\/index.php?rest_route=\/wp\/v2\/pages\/267\/revisions\/885"}],"up":[{"embeddable":true,"href":"https:\/\/ena-nic.splet.arnes.si\/index.php?rest_route=\/wp\/v2\/pages\/44"}],"wp:attachment":[{"href":"https:\/\/ena-nic.splet.arnes.si\/index.php?rest_route=%2Fwp%2Fv2%2Fmedia&parent=267"}],"curies":[{"name":"wp","href":"https:\/\/api.w.org\/{rel}","templated":true}]}}