{"id":194,"date":"2016-10-21T19:05:37","date_gmt":"2016-10-21T17:05:37","guid":{"rendered":"http:\/\/ena-nic.splet.arnes.si\/?page_id=194"},"modified":"2016-10-29T08:12:21","modified_gmt":"2016-10-29T06:12:21","slug":"sestevanje-v-tabeli","status":"publish","type":"page","link":"https:\/\/ena-nic.splet.arnes.si\/?page_id=194","title":{"rendered":"Se\u0161tevanje v tabeli"},"content":{"rendered":"<p style=\"text-align: justify\">Sestavi tabelo, kot je prikazano na primeru. Vsote po vrsticah in stolpcih naj Word izra\u010duna sam (polja so prikazana na sivem ozadju). Ko kon\u010da\u0161, poskusi napisati \u0161e formulo za izra\u010dun povpre\u010dne vrednosti, minimuma, maksimuma in pre\u0161tevanja \u0161tevil.<\/p>\n<p style=\"text-align: center\"><img loading=\"lazy\" decoding=\"async\" src=\"http:\/\/www2.arnes.si\/~ppirc1\/Ljudska%20univerza\/tecajiRO_datoteke\/word\/porocilo.png\" alt=\"\" width=\"666\" height=\"143\" border=\"0\" \/><\/p>\n<p style=\"text-align: left\">\n","protected":false},"excerpt":{"rendered":"<p>Sestavi tabelo, kot je prikazano na primeru. Vsote po vrsticah in stolpcih naj Word izra\u010duna sam (polja so prikazana na sivem ozadju). Ko kon\u010da\u0161, poskusi napisati \u0161e formulo za izra\u010dun povpre\u010dne vrednosti, minimuma, maksimuma in pre\u0161tevanja \u0161tevil.<\/p>\n","protected":false},"author":1790,"featured_media":0,"parent":0,"menu_order":0,"comment_status":"closed","ping_status":"open","template":"","meta":{"_et_pb_use_builder":"","_et_pb_old_content":"","_et_gb_content_width":"","ngg_post_thumbnail":0,"footnotes":"","_expiration-date-status":"saved","_expiration-date":0,"_expiration-date-type":"","_expiration-date-categories":[],"_expiration-date-options":[]},"class_list":["post-194","page","type-page","status-publish","hentry"],"_links":{"self":[{"href":"https:\/\/ena-nic.splet.arnes.si\/index.php?rest_route=\/wp\/v2\/pages\/194","targetHints":{"allow":["GET"]}}],"collection":[{"href":"https:\/\/ena-nic.splet.arnes.si\/index.php?rest_route=\/wp\/v2\/pages"}],"about":[{"href":"https:\/\/ena-nic.splet.arnes.si\/index.php?rest_route=\/wp\/v2\/types\/page"}],"author":[{"embeddable":true,"href":"https:\/\/ena-nic.splet.arnes.si\/index.php?rest_route=\/wp\/v2\/users\/1790"}],"replies":[{"embeddable":true,"href":"https:\/\/ena-nic.splet.arnes.si\/index.php?rest_route=%2Fwp%2Fv2%2Fcomments&post=194"}],"version-history":[{"count":3,"href":"https:\/\/ena-nic.splet.arnes.si\/index.php?rest_route=\/wp\/v2\/pages\/194\/revisions"}],"predecessor-version":[{"id":418,"href":"https:\/\/ena-nic.splet.arnes.si\/index.php?rest_route=\/wp\/v2\/pages\/194\/revisions\/418"}],"wp:attachment":[{"href":"https:\/\/ena-nic.splet.arnes.si\/index.php?rest_route=%2Fwp%2Fv2%2Fmedia&parent=194"}],"curies":[{"name":"wp","href":"https:\/\/api.w.org\/{rel}","templated":true}]}}