{"id":179,"date":"2016-10-21T18:57:33","date_gmt":"2016-10-21T16:57:33","guid":{"rendered":"http:\/\/ena-nic.splet.arnes.si\/?page_id=179"},"modified":"2016-10-21T18:57:33","modified_gmt":"2016-10-21T16:57:33","slug":"vstavljanje-slik","status":"publish","type":"page","link":"https:\/\/ena-nic.splet.arnes.si\/?page_id=179","title":{"rendered":"Vstavljanje slik"},"content":{"rendered":"<p style=\"text-align: justify\">Na datoteki <a href=\"http:\/\/ena-nic.splet.arnes.si\/files\/2016\/10\/mesta.docx\" target=\"_blank\">mesta.docx<\/a> sta kratka opisa mest Kranj in Postojna. Besedilo razdeli na dva odseka, tako da bo opis vsakega mesta v svojem odseku. Drugi odsek naj se pri\u010dne na vrhu nove strani. Besedilo oblikuj, kot je prikazano na primeru, ob robu dodaj tudi sliki <a href=\"http:\/\/ena-nic.splet.arnes.si\/files\/2016\/10\/kranj.gif\" target=\"_blank\">kranj.gif<\/a> in <a href=\"http:\/\/ena-nic.splet.arnes.si\/files\/2016\/10\/postojna.gif\" target=\"_blank\">postojna.gif<\/a>. Strani o\u0161tevi\u010di pod \u010drto, tako da bodo strani o Kranju o\u0161tevil\u010dene z arabskimi \u0161tevilkami (Stran 1, Stran 2), strani o Postojni pa z rimskimi (i, ii, iii).<\/p>\n<p style=\"text-align: center\"><img decoding=\"async\" src=\"http:\/\/www2.arnes.si\/~ppirc1\/Ljudska%20univerza\/tecajiRO_datoteke\/word\/mesta1.png\" alt=\"\" border=\"0\" \/><\/p>\n<p style=\"text-align: center\"><img decoding=\"async\" src=\"http:\/\/www2.arnes.si\/~ppirc1\/Ljudska%20univerza\/tecajiRO_datoteke\/word\/mesta2.png\" alt=\"\" border=\"0\" \/><\/p>\n<p style=\"text-align: center\"><img decoding=\"async\" src=\"http:\/\/www2.arnes.si\/~ppirc1\/Ljudska%20univerza\/tecajiRO_datoteke\/word\/mesta3.png\" alt=\"\" border=\"0\" \/><\/p>\n<p style=\"text-align: center\"><img decoding=\"async\" src=\"http:\/\/www2.arnes.si\/~ppirc1\/Ljudska%20univerza\/tecajiRO_datoteke\/word\/mesta4.png\" alt=\"\" border=\"0\" \/><\/p>\n<p style=\"text-align: center\"><img decoding=\"async\" src=\"http:\/\/www2.arnes.si\/~ppirc1\/Ljudska%20univerza\/tecajiRO_datoteke\/word\/mesta5.png\" alt=\"\" border=\"0\" \/><\/p>\n<p style=\"text-align: left\">\n","protected":false},"excerpt":{"rendered":"<p>Na datoteki mesta.docx sta kratka opisa mest Kranj in Postojna. Besedilo razdeli na dva odseka, tako da bo opis vsakega mesta v svojem odseku. Drugi odsek naj se pri\u010dne na vrhu nove strani. Besedilo oblikuj, kot je prikazano na primeru, ob robu dodaj tudi sliki kranj.gif in postojna.gif. Strani o\u0161tevi\u010di pod \u010drto, tako da bodo [&hellip;]<\/p>\n","protected":false},"author":1790,"featured_media":0,"parent":0,"menu_order":0,"comment_status":"closed","ping_status":"open","template":"","meta":{"_et_pb_use_builder":"","_et_pb_old_content":"","_et_gb_content_width":"","ngg_post_thumbnail":0,"footnotes":"","_expiration-date-status":"saved","_expiration-date":0,"_expiration-date-type":"","_expiration-date-categories":[],"_expiration-date-options":[]},"class_list":["post-179","page","type-page","status-publish","hentry"],"_links":{"self":[{"href":"https:\/\/ena-nic.splet.arnes.si\/index.php?rest_route=\/wp\/v2\/pages\/179","targetHints":{"allow":["GET"]}}],"collection":[{"href":"https:\/\/ena-nic.splet.arnes.si\/index.php?rest_route=\/wp\/v2\/pages"}],"about":[{"href":"https:\/\/ena-nic.splet.arnes.si\/index.php?rest_route=\/wp\/v2\/types\/page"}],"author":[{"embeddable":true,"href":"https:\/\/ena-nic.splet.arnes.si\/index.php?rest_route=\/wp\/v2\/users\/1790"}],"replies":[{"embeddable":true,"href":"https:\/\/ena-nic.splet.arnes.si\/index.php?rest_route=%2Fwp%2Fv2%2Fcomments&post=179"}],"version-history":[{"count":1,"href":"https:\/\/ena-nic.splet.arnes.si\/index.php?rest_route=\/wp\/v2\/pages\/179\/revisions"}],"predecessor-version":[{"id":183,"href":"https:\/\/ena-nic.splet.arnes.si\/index.php?rest_route=\/wp\/v2\/pages\/179\/revisions\/183"}],"wp:attachment":[{"href":"https:\/\/ena-nic.splet.arnes.si\/index.php?rest_route=%2Fwp%2Fv2%2Fmedia&parent=179"}],"curies":[{"name":"wp","href":"https:\/\/api.w.org\/{rel}","templated":true}]}}