{"id":175,"date":"2016-10-21T18:51:52","date_gmt":"2016-10-21T16:51:52","guid":{"rendered":"http:\/\/ena-nic.splet.arnes.si\/?page_id=175"},"modified":"2016-10-28T08:59:52","modified_gmt":"2016-10-28T06:59:52","slug":"preizkus-znanja-iz-oblikovanja-besedila","status":"publish","type":"page","link":"https:\/\/ena-nic.splet.arnes.si\/?page_id=175","title":{"rendered":"Preizkus znanja iz oblikovanja besedila (in stolpci)"},"content":{"rendered":"<p style=\"text-align: justify\">Oblikuj besedilo iz datoteke <a href=\"http:\/\/ena-nic.splet.arnes.si\/files\/2016\/10\/atmosfera.docx\" target=\"_blank\">atmosfera.docx<\/a>, kot je prikazano na primeru v okvirju. Oblikuj &#8220;po ob\u010dutku&#8221;, tako da bo kon\u010dni izdelek \u010dim bolj podoben spodnjemu primeru. Seveda ne smer ni\u010desar dodati, razen seznama, oblikovanega s tabulatorji, in posebnega znaka na koncu, da se bosta stolpca pravilno postavila.<\/p>\n<p style=\"text-align: center\"><img loading=\"lazy\" decoding=\"async\" src=\"http:\/\/www2.arnes.si\/~ppirc1\/Ljudska%20univerza\/tecajiRO_datoteke\/word\/atmosfera.png\" alt=\"\" width=\"661\" height=\"749\" border=\"0\" \/><\/p>\n<p style=\"text-align: left\">\n","protected":false},"excerpt":{"rendered":"<p>Oblikuj besedilo iz datoteke atmosfera.docx, kot je prikazano na primeru v okvirju. Oblikuj &#8220;po ob\u010dutku&#8221;, tako da bo kon\u010dni izdelek \u010dim bolj podoben spodnjemu primeru. Seveda ne smer ni\u010desar dodati, razen seznama, oblikovanega s tabulatorji, in posebnega znaka na koncu, da se bosta stolpca pravilno postavila.<\/p>\n","protected":false},"author":1790,"featured_media":0,"parent":0,"menu_order":0,"comment_status":"closed","ping_status":"open","template":"","meta":{"_et_pb_use_builder":"","_et_pb_old_content":"","_et_gb_content_width":"","ngg_post_thumbnail":0,"footnotes":"","_expiration-date-status":"saved","_expiration-date":0,"_expiration-date-type":"","_expiration-date-categories":[],"_expiration-date-options":[]},"class_list":["post-175","page","type-page","status-publish","hentry"],"_links":{"self":[{"href":"https:\/\/ena-nic.splet.arnes.si\/index.php?rest_route=\/wp\/v2\/pages\/175","targetHints":{"allow":["GET"]}}],"collection":[{"href":"https:\/\/ena-nic.splet.arnes.si\/index.php?rest_route=\/wp\/v2\/pages"}],"about":[{"href":"https:\/\/ena-nic.splet.arnes.si\/index.php?rest_route=\/wp\/v2\/types\/page"}],"author":[{"embeddable":true,"href":"https:\/\/ena-nic.splet.arnes.si\/index.php?rest_route=\/wp\/v2\/users\/1790"}],"replies":[{"embeddable":true,"href":"https:\/\/ena-nic.splet.arnes.si\/index.php?rest_route=%2Fwp%2Fv2%2Fcomments&post=175"}],"version-history":[{"count":3,"href":"https:\/\/ena-nic.splet.arnes.si\/index.php?rest_route=\/wp\/v2\/pages\/175\/revisions"}],"predecessor-version":[{"id":366,"href":"https:\/\/ena-nic.splet.arnes.si\/index.php?rest_route=\/wp\/v2\/pages\/175\/revisions\/366"}],"wp:attachment":[{"href":"https:\/\/ena-nic.splet.arnes.si\/index.php?rest_route=%2Fwp%2Fv2%2Fmedia&parent=175"}],"curies":[{"name":"wp","href":"https:\/\/api.w.org\/{rel}","templated":true}]}}