{"id":172,"date":"2016-10-21T18:48:53","date_gmt":"2016-10-21T16:48:53","guid":{"rendered":"http:\/\/ena-nic.splet.arnes.si\/?page_id=172"},"modified":"2016-10-21T18:48:53","modified_gmt":"2016-10-21T16:48:53","slug":"oznacevanje-in-ostevilcevanje","status":"publish","type":"page","link":"https:\/\/ena-nic.splet.arnes.si\/?page_id=172","title":{"rendered":"Ozna\u010devanje in o\u0161tevil\u010devanje"},"content":{"rendered":"<p style=\"text-align: justify\">Prepi\u0161i in oblikuj naslednji dvonivojski seznam. \u0160tevil\u010denje naj bo samodejno, oznake naj bodo krepke in pisave Arial. Oznake vpra\u0161anj naj bodo ob levem robu, vpra\u0161anja in oznake izbir naj bodo odmaknjene 2.5 cm, izbire pa 4.25 cm. Nad drugim vpra\u0161anjem naj bo 6 pt razmika.<\/p>\n<p style=\"text-align: center\"><img decoding=\"async\" src=\"http:\/\/www2.arnes.si\/~ppirc1\/Ljudska%20univerza\/tecajiRO_datoteke\/word\/anketa.png\" alt=\"\" border=\"0\" \/><\/p>\n<p style=\"text-align: left\">\n","protected":false},"excerpt":{"rendered":"<p>Prepi\u0161i in oblikuj naslednji dvonivojski seznam. \u0160tevil\u010denje naj bo samodejno, oznake naj bodo krepke in pisave Arial. Oznake vpra\u0161anj naj bodo ob levem robu, vpra\u0161anja in oznake izbir naj bodo odmaknjene 2.5 cm, izbire pa 4.25 cm. Nad drugim vpra\u0161anjem naj bo 6 pt razmika.<\/p>\n","protected":false},"author":1790,"featured_media":0,"parent":0,"menu_order":0,"comment_status":"closed","ping_status":"open","template":"","meta":{"_et_pb_use_builder":"","_et_pb_old_content":"","_et_gb_content_width":"","ngg_post_thumbnail":0,"footnotes":"","_expiration-date-status":"saved","_expiration-date":0,"_expiration-date-type":"","_expiration-date-categories":[],"_expiration-date-options":[]},"class_list":["post-172","page","type-page","status-publish","hentry"],"_links":{"self":[{"href":"https:\/\/ena-nic.splet.arnes.si\/index.php?rest_route=\/wp\/v2\/pages\/172","targetHints":{"allow":["GET"]}}],"collection":[{"href":"https:\/\/ena-nic.splet.arnes.si\/index.php?rest_route=\/wp\/v2\/pages"}],"about":[{"href":"https:\/\/ena-nic.splet.arnes.si\/index.php?rest_route=\/wp\/v2\/types\/page"}],"author":[{"embeddable":true,"href":"https:\/\/ena-nic.splet.arnes.si\/index.php?rest_route=\/wp\/v2\/users\/1790"}],"replies":[{"embeddable":true,"href":"https:\/\/ena-nic.splet.arnes.si\/index.php?rest_route=%2Fwp%2Fv2%2Fcomments&post=172"}],"version-history":[{"count":1,"href":"https:\/\/ena-nic.splet.arnes.si\/index.php?rest_route=\/wp\/v2\/pages\/172\/revisions"}],"predecessor-version":[{"id":173,"href":"https:\/\/ena-nic.splet.arnes.si\/index.php?rest_route=\/wp\/v2\/pages\/172\/revisions\/173"}],"wp:attachment":[{"href":"https:\/\/ena-nic.splet.arnes.si\/index.php?rest_route=%2Fwp%2Fv2%2Fmedia&parent=172"}],"curies":[{"name":"wp","href":"https:\/\/api.w.org\/{rel}","templated":true}]}}