{"id":169,"date":"2016-10-21T18:46:17","date_gmt":"2016-10-21T16:46:17","guid":{"rendered":"http:\/\/ena-nic.splet.arnes.si\/?page_id=169"},"modified":"2016-10-21T18:46:17","modified_gmt":"2016-10-21T16:46:17","slug":"ostevilcevanje","status":"publish","type":"page","link":"https:\/\/ena-nic.splet.arnes.si\/?page_id=169","title":{"rendered":"O\u0161tevil\u010devanje"},"content":{"rendered":"<p style=\"text-align: justify\">Prepi\u0161i in oblikuj naslednji seznam. Pod prvim odstavkom je 12 pt prostora. \u0160tevil\u010denje naj bo samodejno, oznake (zaporedne \u0161tevilke) naj bodo krepke in desno poravnane na 2 cm, besedilo v seznamu pa naj se pri\u010dne pri 2.3 cm.<\/p>\n<p style=\"text-align: center\"><img decoding=\"async\" src=\"http:\/\/www2.arnes.si\/~ppirc1\/Ljudska%20univerza\/tecajiRO_datoteke\/word\/nakup.png\" alt=\"\" border=\"0\" \/><\/p>\n<p style=\"text-align: left\">\n","protected":false},"excerpt":{"rendered":"<p>Prepi\u0161i in oblikuj naslednji seznam. Pod prvim odstavkom je 12 pt prostora. \u0160tevil\u010denje naj bo samodejno, oznake (zaporedne \u0161tevilke) naj bodo krepke in desno poravnane na 2 cm, besedilo v seznamu pa naj se pri\u010dne pri 2.3 cm.<\/p>\n","protected":false},"author":1790,"featured_media":0,"parent":0,"menu_order":0,"comment_status":"closed","ping_status":"open","template":"","meta":{"_et_pb_use_builder":"","_et_pb_old_content":"","_et_gb_content_width":"","ngg_post_thumbnail":0,"footnotes":"","_expiration-date-status":"saved","_expiration-date":0,"_expiration-date-type":"","_expiration-date-categories":[],"_expiration-date-options":[]},"class_list":["post-169","page","type-page","status-publish","hentry"],"_links":{"self":[{"href":"https:\/\/ena-nic.splet.arnes.si\/index.php?rest_route=\/wp\/v2\/pages\/169","targetHints":{"allow":["GET"]}}],"collection":[{"href":"https:\/\/ena-nic.splet.arnes.si\/index.php?rest_route=\/wp\/v2\/pages"}],"about":[{"href":"https:\/\/ena-nic.splet.arnes.si\/index.php?rest_route=\/wp\/v2\/types\/page"}],"author":[{"embeddable":true,"href":"https:\/\/ena-nic.splet.arnes.si\/index.php?rest_route=\/wp\/v2\/users\/1790"}],"replies":[{"embeddable":true,"href":"https:\/\/ena-nic.splet.arnes.si\/index.php?rest_route=%2Fwp%2Fv2%2Fcomments&post=169"}],"version-history":[{"count":1,"href":"https:\/\/ena-nic.splet.arnes.si\/index.php?rest_route=\/wp\/v2\/pages\/169\/revisions"}],"predecessor-version":[{"id":170,"href":"https:\/\/ena-nic.splet.arnes.si\/index.php?rest_route=\/wp\/v2\/pages\/169\/revisions\/170"}],"wp:attachment":[{"href":"https:\/\/ena-nic.splet.arnes.si\/index.php?rest_route=%2Fwp%2Fv2%2Fmedia&parent=169"}],"curies":[{"name":"wp","href":"https:\/\/api.w.org\/{rel}","templated":true}]}}