{"id":162,"date":"2016-10-21T18:39:39","date_gmt":"2016-10-21T16:39:39","guid":{"rendered":"http:\/\/ena-nic.splet.arnes.si\/?page_id=162"},"modified":"2016-10-21T18:43:37","modified_gmt":"2016-10-21T16:43:37","slug":"uporaba-tabulatorjev","status":"publish","type":"page","link":"https:\/\/ena-nic.splet.arnes.si\/?page_id=162","title":{"rendered":"Uporaba tabulatorjev"},"content":{"rendered":"<p style=\"text-align: justify\">S pomo\u010djo tabulatorjev vpi\u0161i in oblikuj podatke o gostoti prebivalcev v nekaterih slovenskih ob\u010dinah. Prvi stolpec naj bo 2 cm odmaknjen od levega roba, drugi naj bo poravnan desno na 7 cm, tretji pa levo na 8 cm. Pred tretjim stolpcem mora biti prazen prostor samodejno zapolnjen s pikicami.<\/p>\n<p style=\"text-align: center\"><img decoding=\"async\" src=\"http:\/\/www2.arnes.si\/~ppirc1\/Ljudska%20univerza\/tecajiRO_datoteke\/word\/gostota.png\" alt=\"\" border=\"0\" \/><\/p>\n<p style=\"text-align: left\">\n","protected":false},"excerpt":{"rendered":"<p>S pomo\u010djo tabulatorjev vpi\u0161i in oblikuj podatke o gostoti prebivalcev v nekaterih slovenskih ob\u010dinah. Prvi stolpec naj bo 2 cm odmaknjen od levega roba, drugi naj bo poravnan desno na 7 cm, tretji pa levo na 8 cm. Pred tretjim stolpcem mora biti prazen prostor samodejno zapolnjen s pikicami.<\/p>\n","protected":false},"author":1790,"featured_media":0,"parent":0,"menu_order":0,"comment_status":"closed","ping_status":"open","template":"","meta":{"_et_pb_use_builder":"","_et_pb_old_content":"","_et_gb_content_width":"","ngg_post_thumbnail":0,"footnotes":"","_expiration-date-status":"saved","_expiration-date":0,"_expiration-date-type":"","_expiration-date-categories":[],"_expiration-date-options":[]},"class_list":["post-162","page","type-page","status-publish","hentry"],"_links":{"self":[{"href":"https:\/\/ena-nic.splet.arnes.si\/index.php?rest_route=\/wp\/v2\/pages\/162","targetHints":{"allow":["GET"]}}],"collection":[{"href":"https:\/\/ena-nic.splet.arnes.si\/index.php?rest_route=\/wp\/v2\/pages"}],"about":[{"href":"https:\/\/ena-nic.splet.arnes.si\/index.php?rest_route=\/wp\/v2\/types\/page"}],"author":[{"embeddable":true,"href":"https:\/\/ena-nic.splet.arnes.si\/index.php?rest_route=\/wp\/v2\/users\/1790"}],"replies":[{"embeddable":true,"href":"https:\/\/ena-nic.splet.arnes.si\/index.php?rest_route=%2Fwp%2Fv2%2Fcomments&post=162"}],"version-history":[{"count":3,"href":"https:\/\/ena-nic.splet.arnes.si\/index.php?rest_route=\/wp\/v2\/pages\/162\/revisions"}],"predecessor-version":[{"id":167,"href":"https:\/\/ena-nic.splet.arnes.si\/index.php?rest_route=\/wp\/v2\/pages\/162\/revisions\/167"}],"wp:attachment":[{"href":"https:\/\/ena-nic.splet.arnes.si\/index.php?rest_route=%2Fwp%2Fv2%2Fmedia&parent=162"}],"curies":[{"name":"wp","href":"https:\/\/api.w.org\/{rel}","templated":true}]}}