{"id":151,"date":"2016-10-21T18:24:52","date_gmt":"2016-10-21T16:24:52","guid":{"rendered":"http:\/\/ena-nic.splet.arnes.si\/?page_id=151"},"modified":"2016-10-21T18:44:21","modified_gmt":"2016-10-21T16:44:21","slug":"oblikovanje-in-urejanje-pisave","status":"publish","type":"page","link":"https:\/\/ena-nic.splet.arnes.si\/?page_id=151","title":{"rendered":"Oblikovanje in urejanje pisave"},"content":{"rendered":"<p style=\"text-align: justify\">Oblikuj besedilo iz datoteke <a href=\"http:\/\/ena-nic.splet.arnes.si\/files\/2016\/10\/oblika.docx\" target=\"_blank\">oblika.docx<\/a>, kot je prikazano na primeru v okvirju. Besedilu dodaj manjkajo\u010do matemati\u010dno formulo, drugega pa ni\u010desar ne dodajaj (niti praznih odstavkov). Naslov je rde\u010de barve, velikosti 20 pt, osen\u010den, napisan krepko in nagnjeno ter pod\u010drtan z vijoli\u010dno \u010drto. Med odstavki je 12 pt prostora. Raz\u0161irjeno besedilo je raz\u0161irjeno za 3 pt, stisnjeno besedilo pa stisnjeno za 1 pt. Oblikovne lastnosti ostalega besedila so razvidne iz besedila samega.<\/p>\n<div align=\"center\"><img loading=\"lazy\" decoding=\"async\" src=\"http:\/\/www2.arnes.si\/~ppirc1\/Ljudska%20univerza\/tecajiRO_datoteke\/word\/oblika.png\" alt=\"\" width=\"660\" height=\"369\" border=\"0\" \/><\/div>\n<div align=\"center\"><\/div>\n","protected":false},"excerpt":{"rendered":"<p>Oblikuj besedilo iz datoteke oblika.docx, kot je prikazano na primeru v okvirju. Besedilu dodaj manjkajo\u010do matemati\u010dno formulo, drugega pa ni\u010desar ne dodajaj (niti praznih odstavkov). Naslov je rde\u010de barve, velikosti 20 pt, osen\u010den, napisan krepko in nagnjeno ter pod\u010drtan z vijoli\u010dno \u010drto. Med odstavki je 12 pt prostora. Raz\u0161irjeno besedilo je raz\u0161irjeno za 3 pt, [&hellip;]<\/p>\n","protected":false},"author":1790,"featured_media":0,"parent":0,"menu_order":0,"comment_status":"closed","ping_status":"open","template":"","meta":{"_et_pb_use_builder":"","_et_pb_old_content":"","_et_gb_content_width":"","ngg_post_thumbnail":0,"footnotes":"","_expiration-date-status":"saved","_expiration-date":0,"_expiration-date-type":"","_expiration-date-categories":[],"_expiration-date-options":[]},"class_list":["post-151","page","type-page","status-publish","hentry"],"_links":{"self":[{"href":"https:\/\/ena-nic.splet.arnes.si\/index.php?rest_route=\/wp\/v2\/pages\/151","targetHints":{"allow":["GET"]}}],"collection":[{"href":"https:\/\/ena-nic.splet.arnes.si\/index.php?rest_route=\/wp\/v2\/pages"}],"about":[{"href":"https:\/\/ena-nic.splet.arnes.si\/index.php?rest_route=\/wp\/v2\/types\/page"}],"author":[{"embeddable":true,"href":"https:\/\/ena-nic.splet.arnes.si\/index.php?rest_route=\/wp\/v2\/users\/1790"}],"replies":[{"embeddable":true,"href":"https:\/\/ena-nic.splet.arnes.si\/index.php?rest_route=%2Fwp%2Fv2%2Fcomments&post=151"}],"version-history":[{"count":5,"href":"https:\/\/ena-nic.splet.arnes.si\/index.php?rest_route=\/wp\/v2\/pages\/151\/revisions"}],"predecessor-version":[{"id":168,"href":"https:\/\/ena-nic.splet.arnes.si\/index.php?rest_route=\/wp\/v2\/pages\/151\/revisions\/168"}],"wp:attachment":[{"href":"https:\/\/ena-nic.splet.arnes.si\/index.php?rest_route=%2Fwp%2Fv2%2Fmedia&parent=151"}],"curies":[{"name":"wp","href":"https:\/\/api.w.org\/{rel}","templated":true}]}}