{"id":117,"date":"2018-09-05T08:11:52","date_gmt":"2018-09-05T06:11:52","guid":{"rendered":"http:\/\/ena-nic.splet.arnes.si\/?page_id=117"},"modified":"2025-09-08T14:26:46","modified_gmt":"2025-09-08T12:26:46","slug":"nip-racunalnistvo-4","status":"publish","type":"page","link":"https:\/\/ena-nic.splet.arnes.si\/?page_id=117","title":{"rendered":"NIP ra\u010dunalni\u0161tvo 4"},"content":{"rendered":"<p style=\"text-align: justify\">neobvezni izbirni predmet ra\u010dunalni\u0161tvo je na na\u0161i \u0161oli na voljo z leto\u0161njim \u0161olskim letom 2018\/19, zaenkrat v 4. razredu. Ob dovolj velikem interesu bi se predmet lahko izvajal tudi v 5. in 6. razredu in sicer<img loading=\"lazy\" decoding=\"async\" class=\"alignright size-full wp-image-783\" src=\"http:\/\/ena-nic.splet.arnes.si\/files\/2017\/06\/scratch.jpg\" alt=\"\" width=\"194\" height=\"195\" srcset=\"https:\/\/ena-nic.splet.arnes.si\/files\/2017\/06\/scratch.jpg 194w, https:\/\/ena-nic.splet.arnes.si\/files\/2017\/06\/scratch-150x150.jpg 150w\" sizes=\"(max-width: 194px) 100vw, 194px\" \/> kot vsebinska nadgradnja programiranja v programskem okolju <a href=\"http:\/\/scratch.mit.edu\/\" target=\"_blank\" rel=\"noopener noreferrer\">Scratch<\/a> in tematike \u201c<a href=\"http:\/\/vidra.si\/\" target=\"_blank\" rel=\"noopener noreferrer\">ra\u010dunalni\u0161tvo brez ra\u010dunalnika<\/a>\u201d, ki se poleg Scratcha spoznava v 5. razredu. U\u010denci pri predmetu spoznavajo temeljne koncepte ra\u010dunalni\u0161tva, razvijajo algoritmi\u010dni na\u010din razmi\u0161ljanja in spoznavajo strategije re\u0161evanja problemov, pridobivajo sposobnost izbiranja najustreznej\u0161e poti za re\u0161itev problema, razvijajo ustvarjalnost, natan\u010dnost in logi\u010dno razmi\u0161ljanje, \u2026<\/p>\n<ul>\n<li>Izvajanje predmeta: <strong>2 uri tedensko<\/strong><\/li>\n<li>Ocenjevanje:<strong> 2 oceni<\/strong> \u2013&nbsp;poznavanje Scratcha&nbsp;(ustno\/delo na ra\u010dunalniku) in izdelek (samostojna naloga v Scratchu)<\/li>\n<\/ul>\n<p><a href=\"http:\/\/ena-nic.splet.arnes.si\/files\/2018\/09\/RacunalnistvoNIP4.ppsx\" target=\"_blank\" rel=\"noopener noreferrer\">Predstavitev predmeta<\/a><\/p>\n<p>Vaje \u2013 ra\u010dunalni\u0161ko opismenjevanje: <a href=\"https:\/\/interaktivne-vaje.si\/02_osnova\/predmeti_meni\/r_opismenjevanje.html\" target=\"_blank\" rel=\"noopener\">uporaba tipkovnice in mi\u0161ke<\/a><\/p>\n<p>Primer programa, ki smo ga izdelali v Scratchu:<\/p>\n<p style=\"text-align: center\">\n<!-- iframe plugin v.5.2 wordpress.org\/plugins\/iframe\/ -->\n<iframe loading=\"lazy\" allowtransparency=\"true\" width=\"485\" height=\"402\" src=\"\/\/scratch.mit.edu\/projects\/embed\/40252614\/?autostart=false\" frameborder=\"0\" 0=\"allowfullscreen&gt;&lt;\/iframe\" scrolling=\"yes\" class=\"iframe-class\" name=\"ARNES\"><\/iframe>\n<\/p>\n<p style=\"text-align: left\">Za popestritev in dodatno razmigavanje mo\u017egan\u010dkov: <a href=\"https:\/\/www.blockscad3d.com\/\" target=\"_blank\" rel=\"noopener noreferrer\">BlocksCAD3D<\/a>&nbsp;<img loading=\"lazy\" decoding=\"async\" class=\"alignright size-full wp-image-491\" src=\"http:\/\/ena-nic.splet.arnes.si\/files\/2016\/04\/blockscad.jpg\" alt=\"\" width=\"250\" height=\"80\"><\/p>\n","protected":false},"excerpt":{"rendered":"<p>neobvezni izbirni predmet ra\u010dunalni\u0161tvo je na na\u0161i \u0161oli na voljo z leto\u0161njim \u0161olskim letom 2018\/19, zaenkrat v 4. razredu. Ob dovolj velikem interesu bi se predmet lahko izvajal tudi v 5. in 6. razredu in sicer kot vsebinska nadgradnja programiranja v programskem okolju Scratch in tematike \u201cra\u010dunalni\u0161tvo brez ra\u010dunalnika\u201d, ki se poleg Scratcha spoznava v [&hellip;]<\/p>\n","protected":false},"author":1790,"featured_media":0,"parent":44,"menu_order":0,"comment_status":"closed","ping_status":"open","template":"","meta":{"_et_pb_use_builder":"","_et_pb_old_content":"","_et_gb_content_width":"","ngg_post_thumbnail":0,"footnotes":"","_expiration-date-status":"","_expiration-date":1757334337,"_expiration-date-type":"draft","_expiration-date-categories":[],"_expiration-date-options":[]},"class_list":["post-117","page","type-page","status-publish","hentry"],"_links":{"self":[{"href":"https:\/\/ena-nic.splet.arnes.si\/index.php?rest_route=\/wp\/v2\/pages\/117","targetHints":{"allow":["GET"]}}],"collection":[{"href":"https:\/\/ena-nic.splet.arnes.si\/index.php?rest_route=\/wp\/v2\/pages"}],"about":[{"href":"https:\/\/ena-nic.splet.arnes.si\/index.php?rest_route=\/wp\/v2\/types\/page"}],"author":[{"embeddable":true,"href":"https:\/\/ena-nic.splet.arnes.si\/index.php?rest_route=\/wp\/v2\/users\/1790"}],"replies":[{"embeddable":true,"href":"https:\/\/ena-nic.splet.arnes.si\/index.php?rest_route=%2Fwp%2Fv2%2Fcomments&post=117"}],"version-history":[{"count":15,"href":"https:\/\/ena-nic.splet.arnes.si\/index.php?rest_route=\/wp\/v2\/pages\/117\/revisions"}],"predecessor-version":[{"id":993,"href":"https:\/\/ena-nic.splet.arnes.si\/index.php?rest_route=\/wp\/v2\/pages\/117\/revisions\/993"}],"up":[{"embeddable":true,"href":"https:\/\/ena-nic.splet.arnes.si\/index.php?rest_route=\/wp\/v2\/pages\/44"}],"wp:attachment":[{"href":"https:\/\/ena-nic.splet.arnes.si\/index.php?rest_route=%2Fwp%2Fv2%2Fmedia&parent=117"}],"curies":[{"name":"wp","href":"https:\/\/api.w.org\/{rel}","templated":true}]}}