{"id":114,"date":"2019-04-26T08:00:00","date_gmt":"2019-04-26T06:00:00","guid":{"rendered":"http:\/\/ena-nic.splet.arnes.si\/?page_id=114"},"modified":"2025-09-08T14:29:40","modified_gmt":"2025-09-08T12:29:40","slug":"racunalniska-omrezja","status":"publish","type":"page","link":"https:\/\/ena-nic.splet.arnes.si\/?page_id=114","title":{"rendered":"Ra\u010dunalni\u0161ka omre\u017eja"},"content":{"rendered":"<p style=\"text-align: justify\"><img loading=\"lazy\" decoding=\"async\" class=\"alignleft size-thumbnail wp-image-899\" src=\"http:\/\/ena-nic.splet.arnes.si\/files\/2018\/09\/internet-150x150.png\" alt=\"\" width=\"150\" height=\"150\">so najzahtevnej\u0161i sklop predmeta ra\u010dunalni\u0161tvo. Spoznamo, kako so ra\u010dunalni\u0161ka omre\u017eja zgrajena in kak\u0161ne vrste omre\u017eij poznamo. Ogledamo si \u0161olsko vozli\u0161\u010de, spoznamo ostalo omre\u017eno opremo ter njen namen. Na\u0161tejemo storitve, ki jih ponuja internet, se seznanimo z nevarnostmi, ki tam na nas pre\u017eijo in se nau\u010dimo, kako se od njih za\u0161\u010ditimo. Za zaklju\u010dek izdelamo projektno nalogo \u2013 spletno stran (<a href=\"https:\/\/splet.arnes.si\/\" target=\"_blank\" rel=\"noopener\">Arnes splet<\/a>).<\/p>\n<ul>\n<li>Izvajanje predmeta: <strong>2 uri tedensko<\/strong> (eno polletje)<\/li>\n<li>Obvezni pripomo\u010dki: <strong>USB klju\u010d<\/strong> (dovolj je 8 GB)<\/li>\n<li>Ocenjevanje: <strong>2 oceni<\/strong> \u2013 ustno (delo z ra\u010dunalnikom) in izdelek (spletna stran)<\/li>\n<\/ul>\n<p>&nbsp;<\/p>\n<h3 style=\"text-align: justify\">Gradivo in predavanja<\/h3>\n<p style=\"padding-left: 60px\"><a href=\"http:\/\/ena-nic.splet.arnes.si\/files\/2016\/10\/ROM-razvoj-in-zgradba-ra\u010dunalnika.ppsx\" target=\"_blank\" rel=\"noopener\">Razvoj in zgradba ra\u010dunalnika<\/a><\/p>\n<p style=\"padding-left: 60px\"><a href=\"http:\/\/ena-nic.splet.arnes.si\/files\/2016\/10\/ROM-ra\u010dunalni\u0161ka-omre\u017eja.ppsx\" target=\"_blank\" rel=\"noopener\">Ra\u010dunalni\u0161ka omre\u017eja<\/a><\/p>\n<p style=\"padding-left: 60px\"><a href=\"http:\/\/ena-nic.splet.arnes.si\/files\/2016\/10\/ROM-spletna-stran.ppsx\" target=\"_blank\" rel=\"noopener\">Spletna stran<\/a><\/p>\n<p style=\"padding-left: 60px\"><a href=\"http:\/\/www.ithistory.org\/\" target=\"_blank\" rel=\"noopener\">Zgodovina ra\u010dunalni\u0161tva (angl.)<\/a><\/p>\n<p style=\"padding-left: 60px\"><a href=\"http:\/\/www.w3schools.com\/html\/\" target=\"_blank\" rel=\"noopener\">Interaktivno u\u010denje programskega jezika HTML (angl.)<\/a><\/p>\n<hr>\n<h3>Vaje&nbsp;KompoZer<\/h3>\n<p>Vaje&nbsp;obsegajo izdelavo predstavitvene spletne strani v programu KompoZer, z dodanimi osnovnimi ukazi in spreminjanjem HTML kode.<\/p>\n<h4 class=\"style19\" style=\"padding-left: 30px\">Izdelava spletne strani:<\/h4>\n<p style=\"padding-left: 60px\">Na\u010drtovanje, postavitev in zasnova (izdelava miselnega vzorca)<\/p>\n<p style=\"padding-left: 60px\">Osnovna postavitev spletne strani (izgradnja lupine)<\/p>\n<p style=\"padding-left: 90px\">&#8211; ozadje in barve<\/p>\n<p style=\"padding-left: 90px\">&#8211; tabele<\/p>\n<p style=\"padding-left: 90px\">&#8211; glava in noga<\/p>\n<p style=\"padding-left: 90px\">&#8211; telo<\/p>\n<p style=\"padding-left: 90px\">&#8211; gumbi<\/p>\n<p style=\"padding-left: 60px\">Dodajanje vsebin<\/p>\n<p style=\"padding-left: 90px\">&#8211; besedilo<\/p>\n<p style=\"padding-left: 90px\">&#8211; slike<\/p>\n<p style=\"padding-left: 90px\">&#8211; galerija<\/p>\n<p style=\"padding-left: 90px\">&#8211; povezave<\/p>\n<p style=\"padding-left: 90px\">&#8211; animacija<\/p>\n<p style=\"padding-left: 90px\">&#8211; zvok<\/p>\n<h4 style=\"padding-left: 30px\">Gradivo za vaje<\/h4>\n<p style=\"padding-left: 60px\">&#8211; fotografije za izdelavo galerije<\/p>\n<p style=\"padding-left: 90px;text-align: right\">ngg_shortcode_0_placeholder<\/p>\n<p style=\"padding-left: 60px\">&#8211; ostalo slikovno gradivo<\/p>\n<p style=\"padding-left: 90px;text-align: right\">ngg_shortcode_1_placeholder<\/p>\n<p style=\"padding-left: 60px;text-align: left\">&#8211; izdelava obrazcev<\/p>\n<p><a href=\"http:\/\/www2.arnes.si\/~dbogd1\/prijavni_obrazec.html\" target=\"_blank\" rel=\"noopener\"><img loading=\"lazy\" decoding=\"async\" class=\"wp-image-551 size-full alignleft\" src=\"http:\/\/ena-nic.splet.arnes.si\/files\/2017\/10\/Prijavni_obrazec.jpg\" alt=\"\" width=\"579\" height=\"353\" srcset=\"https:\/\/ena-nic.splet.arnes.si\/files\/2017\/10\/Prijavni_obrazec.jpg 579w, https:\/\/ena-nic.splet.arnes.si\/files\/2017\/10\/Prijavni_obrazec-300x183.jpg 300w\" sizes=\"(max-width: 579px) 100vw, 579px\" \/><\/a><\/p>\n<p>&nbsp;<\/p>\n<p>&nbsp;<\/p>\n<p>&nbsp;<\/p>\n<p>&nbsp;<\/p>\n<p>&nbsp;<\/p>\n<p>&nbsp;<\/p>\n<p>&nbsp;<\/p>\n<p>&nbsp;<\/p>\n<p>&nbsp;<\/p>\n<p>&nbsp;<\/p>\n<p><a href=\"http:\/\/www2.arnes.si\/~dbogd1\/obrazec_sporocilo.html\" target=\"_blank\" rel=\"noopener\"><img loading=\"lazy\" decoding=\"async\" class=\"wp-image-559 size-full alignleft\" src=\"http:\/\/ena-nic.splet.arnes.si\/files\/2017\/10\/Mail_obrazec.jpg\" alt=\"\" width=\"605\" height=\"328\" srcset=\"https:\/\/ena-nic.splet.arnes.si\/files\/2017\/10\/Mail_obrazec.jpg 605w, https:\/\/ena-nic.splet.arnes.si\/files\/2017\/10\/Mail_obrazec-300x163.jpg 300w\" sizes=\"(max-width: 605px) 100vw, 605px\" \/><\/a><\/p>\n<p>&nbsp;<\/p>\n<p>&nbsp;<\/p>\n<p>&nbsp;<\/p>\n<p>&nbsp;<\/p>\n<p>&nbsp;<\/p>\n<p>&nbsp;<\/p>\n<p>&nbsp;<\/p>\n<p>&nbsp;<\/p>\n<p>&nbsp;<\/p>\n<hr>\n<h3>Primeri projektnih nalog<\/h3>\n<p style=\"padding-left: 60px\"><a href=\"http:\/\/www2.arnes.si\/~dbogd1\/tajk\/spletna_stran\/strani\/\" target=\"_blank\" rel=\"noopener\">Oson\u010dje<\/a><\/p>\n<p style=\"padding-left: 60px\"><a href=\"http:\/\/www2.arnes.si\/~dbogd1\/jure\/School\/Net_page_JR\/strani\/\" target=\"_blank\" rel=\"noopener\">Umetna inteligenca<\/a><\/p>\n<p style=\"padding-left: 60px\"><a href=\"http:\/\/www2.arnes.si\/~dbogd1\/tadej\/youtube\/spletna_stran\/index.html\" target=\"_blank\" rel=\"noopener\">YouTube<\/a><\/p>\n<p style=\"padding-left: 60px\"><a href=\"http:\/\/www2.arnes.si\/%7Edbogd1\/leon\/\" target=\"_blank\" rel=\"noopener\">Virtualna realnost<\/a><\/p>\n<p style=\"padding-left: 60px\"><a href=\"http:\/\/www2.arnes.si\/%7Edbogd1\/timotej\/\" target=\"_blank\" rel=\"noopener\">NYC<\/a><\/p>\n<p style=\"padding-left: 60px\"><a href=\"http:\/\/www2.arnes.si\/%7Edbogd1\/alen\/\" target=\"_blank\" rel=\"noopener\">Antarktika<\/a><\/p>\n<p style=\"padding-left: 60px\"><a href=\"http:\/\/www2.arnes.si\/%7Edbogd1\/rok\/\" target=\"_blank\" rel=\"noopener\">LA<\/a><\/p>\n<p style=\"padding-left: 60px\"><a href=\"http:\/\/www2.arnes.si\/%7Edbogd1\/nina\/html\" target=\"_blank\" rel=\"noopener\">2. svetovna vojna<\/a><\/p>\n<p style=\"padding-left: 60px\"><a href=\"http:\/\/www2.arnes.si\/%7Edbogd1\/vito\/\" target=\"_blank\" rel=\"noopener\">Kanada<\/a><\/p>\n<p style=\"padding-left: 60px\"><a href=\"http:\/\/www2.arnes.si\/%7Edbogd1\/metka\/\" target=\"_blank\" rel=\"noopener\">1. svetovna vojna<\/a><\/p>\n<p style=\"padding-left: 60px\"><a href=\"http:\/\/www2.arnes.si\/%7Edbogd1\/jan\/index.html\" target=\"_blank\" rel=\"noopener\">Apple<\/a><\/p>\n<p style=\"padding-left: 60px\"><a href=\"http:\/\/www2.arnes.si\/~dbogd1\/erdogan\/spletna_stran\/\" target=\"_blank\" rel=\"noopener\">Adrenalinski \u0161porti<\/a><\/p>\n<p style=\"padding-left: 60px\"><a href=\"http:\/\/www2.arnes.si\/~dbogd1\/jakob\/\" target=\"_blank\" rel=\"noopener\">Harley Davidson<\/a><\/p>\n<p style=\"padding-left: 60px\"><a href=\"http:\/\/www2.arnes.si\/~dbogd1\/jann\/\" target=\"_blank\" rel=\"noopener\">Snowboarding<\/a><\/p>\n<p style=\"padding-left: 60px\"><a href=\"http:\/\/www2.arnes.si\/~dbogd1\/walter\/\" target=\"_blank\" rel=\"noopener\">Prego restavracija<\/a><\/p>\n<hr>\n<h3>&nbsp;<\/h3>\n","protected":false},"excerpt":{"rendered":"<p>so najzahtevnej\u0161i sklop predmeta ra\u010dunalni\u0161tvo. Spoznamo, kako so ra\u010dunalni\u0161ka omre\u017eja zgrajena in kak\u0161ne vrste omre\u017eij poznamo. Ogledamo si \u0161olsko vozli\u0161\u010de, spoznamo ostalo omre\u017eno opremo ter njen namen. Na\u0161tejemo storitve, ki jih ponuja internet, se seznanimo z nevarnostmi, ki tam na nas pre\u017eijo in se nau\u010dimo, kako se od njih za\u0161\u010ditimo. Za zaklju\u010dek izdelamo projektno nalogo [&hellip;]<\/p>\n","protected":false},"author":1790,"featured_media":0,"parent":44,"menu_order":0,"comment_status":"closed","ping_status":"open","template":"","meta":{"_et_pb_use_builder":"","_et_pb_old_content":"","_et_gb_content_width":"","ngg_post_thumbnail":0,"footnotes":"","_expiration-date-status":"","_expiration-date":0,"_expiration-date-type":"","_expiration-date-categories":[],"_expiration-date-options":[]},"class_list":["post-114","page","type-page","status-publish","hentry"],"_links":{"self":[{"href":"https:\/\/ena-nic.splet.arnes.si\/index.php?rest_route=\/wp\/v2\/pages\/114","targetHints":{"allow":["GET"]}}],"collection":[{"href":"https:\/\/ena-nic.splet.arnes.si\/index.php?rest_route=\/wp\/v2\/pages"}],"about":[{"href":"https:\/\/ena-nic.splet.arnes.si\/index.php?rest_route=\/wp\/v2\/types\/page"}],"author":[{"embeddable":true,"href":"https:\/\/ena-nic.splet.arnes.si\/index.php?rest_route=\/wp\/v2\/users\/1790"}],"replies":[{"embeddable":true,"href":"https:\/\/ena-nic.splet.arnes.si\/index.php?rest_route=%2Fwp%2Fv2%2Fcomments&post=114"}],"version-history":[{"count":15,"href":"https:\/\/ena-nic.splet.arnes.si\/index.php?rest_route=\/wp\/v2\/pages\/114\/revisions"}],"predecessor-version":[{"id":996,"href":"https:\/\/ena-nic.splet.arnes.si\/index.php?rest_route=\/wp\/v2\/pages\/114\/revisions\/996"}],"up":[{"embeddable":true,"href":"https:\/\/ena-nic.splet.arnes.si\/index.php?rest_route=\/wp\/v2\/pages\/44"}],"wp:attachment":[{"href":"https:\/\/ena-nic.splet.arnes.si\/index.php?rest_route=%2Fwp%2Fv2%2Fmedia&parent=114"}],"curies":[{"name":"wp","href":"https:\/\/api.w.org\/{rel}","templated":true}]}}