{"id":110,"date":"2017-04-19T11:57:22","date_gmt":"2017-04-19T09:57:22","guid":{"rendered":"http:\/\/ena-nic.splet.arnes.si\/?page_id=110"},"modified":"2025-09-08T14:31:13","modified_gmt":"2025-09-08T12:31:13","slug":"multimedija","status":"publish","type":"page","link":"https:\/\/ena-nic.splet.arnes.si\/?page_id=110","title":{"rendered":"Multimedija"},"content":{"rendered":"<p><img loading=\"lazy\" decoding=\"async\" class=\"alignleft size-thumbnail wp-image-893\" src=\"http:\/\/ena-nic.splet.arnes.si\/files\/2017\/04\/multimedia-150x150.png\" alt=\"\" width=\"150\" height=\"150\" srcset=\"https:\/\/ena-nic.splet.arnes.si\/files\/2017\/04\/multimedia-150x150.png 150w, https:\/\/ena-nic.splet.arnes.si\/files\/2017\/04\/multimedia-300x300.png 300w, https:\/\/ena-nic.splet.arnes.si\/files\/2017\/04\/multimedia.png 512w\" sizes=\"(max-width: 150px) 100vw, 150px\" \/>vsebinsko nadgrajuje osvojeno znanje iz Urejanja besedil. Spoznamo nekaj dodatne strojne opreme (digitalni fotoaparat, opti\u010dni \u010ditalnik, mikrofon, \u2026), ki jo uporabimo pri izdelavi projektne naloge v <a href=\"http:\/\/products.office.com\/en-us\/powerpoint\" target=\"_blank\" rel=\"noopener\">MS Powerpointu<\/a>. Zdru\u017eimo besedilo, slike, zvok, video (<a href=\"https:\/\/support.microsoft.com\/sl-si\/help\/17779\/download-windows-essentials\" target=\"_blank\" rel=\"noopener\">MS MovieMaker<\/a>) in animacijo v celovito multimedijsko predstavitev.<\/p>\n<p>&nbsp;<\/p>\n<p>&nbsp;<\/p>\n<ul>\n<li>Izvajanje predmeta:&nbsp;<strong>2 uri tedensko<\/strong>&nbsp;(eno polletje)<\/li>\n<li>Obvezni pripomo\u010dki:&nbsp;<strong>USB klju\u010d<\/strong>&nbsp;(dovolj je 8 GB)<\/li>\n<li>Ocenjevanje: <strong>2 oceni<\/strong> \u2013 ustno (delo z ra\u010dunalnikom) in izdelek (multimedijska predstavitev)<\/li>\n<\/ul>\n<p>&nbsp;<\/p>\n<h3 style=\"text-align: justify\">&nbsp;<\/h3>\n<h3 style=\"text-align: justify\">Gradivo in predavanja<\/h3>\n<p style=\"padding-left: 60px\"><a href=\"http:\/\/ena-nic.splet.arnes.si\/files\/2016\/10\/MME-razvoj-in-zgradba-ra\u010dunalnika.ppsx\" target=\"_blank\" rel=\"noopener\">Razvoj in zgradba ra\u010dunalnika<\/a><\/p>\n<p style=\"padding-left: 60px\"><a href=\"http:\/\/www.ithistory.org\/\" target=\"_blank\" rel=\"noopener\">Zgodovina ra\u010dunalni\u0161tva (angl.)<\/a><\/p>\n<p style=\"padding-left: 60px\"><a href=\"http:\/\/ena-nic.splet.arnes.si\/files\/2016\/10\/MME-podatek-in-informacija-ter-medij-in-multimedija.ppsx\" target=\"_blank\" rel=\"noopener\">Podatek in informacija, medij in multimedija<\/a><\/p>\n<p style=\"padding-left: 60px\"><a href=\"http:\/\/ena-nic.splet.arnes.si\/files\/2016\/10\/Dobre_in_slabe_prosojnice.ppsx\" target=\"_blank\" rel=\"noopener\">Dobre in slabe Powerpoint prosojnice<\/a><\/p>\n<p style=\"padding-left: 60px\"><a href=\"http:\/\/ena-nic.splet.arnes.si\/files\/2016\/10\/Pogoste_napake_pri_izdelavi_prosojnic.pdf\" target=\"_blank\" rel=\"noopener\">Pogoste napake pri izdelavi Powerpoint prosojnic<\/a><\/p>\n<p style=\"padding-left: 60px\"><a href=\"http:\/\/ena-nic.splet.arnes.si\/files\/2016\/10\/O_barvah.ppsx\" target=\"_blank\" rel=\"noopener\">Nekaj informacij o barvah<\/a><\/p>\n<p style=\"padding-left: 60px\"><a href=\"http:\/\/ena-nic.splet.arnes.si\/files\/2016\/10\/Nekaj_o_barvah_na_prosojnicah.pdf\" target=\"_blank\" rel=\"noopener\">\u0160e nekaj informacij o barvah<\/a><\/p>\n<p style=\"padding-left: 60px\"><a href=\"http:\/\/ena-nic.splet.arnes.si\/files\/2016\/10\/Psihologija_vplivi_barv.pdf\" target=\"_blank\" rel=\"noopener\">Psihologija barv<\/a><\/p>\n<p style=\"padding-left: 60px\"><a href=\"http:\/\/ena-nic.splet.arnes.si\/files\/2016\/10\/Slikovni_zapisi_formati.pdf\" target=\"_blank\" rel=\"noopener\">Slikovni zapisi<\/a><\/p>\n<p style=\"padding-left: 60px\"><a href=\"http:\/\/ena-nic.splet.arnes.si\/files\/2016\/10\/Analogno_digitalno.pdf\" target=\"_blank\" rel=\"noopener\">Analogno in digitalno<\/a><\/p>\n<p style=\"padding-left: 60px\"><a href=\"http:\/\/ena-nic.splet.arnes.si\/files\/2016\/10\/Digitalna_fotografija.pdf\" target=\"_blank\" rel=\"noopener\">Nekaj osnov digitalne fotografije<\/a><\/p>\n<hr>\n<h3>Vaje MS&nbsp;Powerpoint<\/h3>\n<p>Vaje obsegajo osnovno znanje Powerpointa.&nbsp;Spodaj so primeri izdelkov u\u010dencev slovenskih \u0161ol, ki so z leti&nbsp;nastajali pri predmetu Multimedija. Slu\u017eijo naj kot ideje za izdelavo va\u0161ih projektnih nalog.<\/p>\n<h4 style=\"padding-left: 30px\">Animacija<\/h4>\n<p style=\"padding-left: 60px\"><a href=\"http:\/\/ena-nic.splet.arnes.si\/files\/2016\/10\/Dril-se\u0161tevanje.ppsx\" target=\"_blank\" rel=\"noopener\">Se\u0161tevanje<\/a><\/p>\n<p style=\"padding-left: 60px\"><a href=\"http:\/\/ena-nic.splet.arnes.si\/files\/2016\/10\/Sestevanje.ppsx\" target=\"_blank\" rel=\"noopener\">Se\u0161tevanje 2<\/a><\/p>\n<p style=\"padding-left: 60px\"><a href=\"http:\/\/ena-nic.splet.arnes.si\/files\/2016\/10\/Sestevanje_2.ppsx\" target=\"_blank\" rel=\"noopener\">Se\u0161tevanje 3<\/a><\/p>\n<p style=\"padding-left: 60px\"><a href=\"http:\/\/ena-nic.splet.arnes.si\/files\/2016\/10\/Matematika.ppsx\" target=\"_blank\" rel=\"noopener\">Matematika<\/a><\/p>\n<p style=\"padding-left: 60px\"><a href=\"http:\/\/ena-nic.splet.arnes.si\/files\/2016\/10\/Mnozenje.ppsx\" target=\"_blank\" rel=\"noopener\">Mno\u017eenje<\/a><\/p>\n<p style=\"padding-left: 60px\"><a href=\"http:\/\/ena-nic.splet.arnes.si\/files\/2016\/10\/Odstevanje_casa.ppsx\" target=\"_blank\" rel=\"noopener\">Od\u0161tevanje \u010dasa<\/a><\/p>\n<p style=\"padding-left: 60px\"><a href=\"http:\/\/ena-nic.splet.arnes.si\/files\/2016\/10\/Pravokotna_projekcija.ppsx\" target=\"_blank\" rel=\"noopener\">Pravokotna projekcija<\/a><\/p>\n<p style=\"padding-left: 60px\"><a href=\"http:\/\/ena-nic.splet.arnes.si\/files\/2016\/10\/Semafor.ppsx\" target=\"_blank\" rel=\"noopener\">Semafor<\/a><\/p>\n<p style=\"padding-left: 60px\"><a href=\"http:\/\/ena-nic.splet.arnes.si\/files\/2016\/10\/Vhod_izhod-vreme.ppsx\" target=\"_blank\" rel=\"noopener\">Vreme<\/a><\/p>\n<h4 style=\"padding-left: 30px\">Miselni vzorec<\/h4>\n<p style=\"padding-left: 60px\"><a href=\"http:\/\/ena-nic.splet.arnes.si\/files\/2016\/10\/Caj-primer.ppsx\" target=\"_blank\" rel=\"noopener\">\u010caj<\/a><\/p>\n<h4 style=\"padding-left: 30px\">Strip<\/h4>\n<p style=\"padding-left: 60px\"><a href=\"http:\/\/ena-nic.splet.arnes.si\/files\/2016\/10\/Snezak.ppsx\" target=\"_blank\" rel=\"noopener\">Sne\u017eak<\/a><\/p>\n<p style=\"padding-left: 60px\"><a href=\"http:\/\/ena-nic.splet.arnes.si\/files\/2016\/10\/Objem.ppsx\" target=\"_blank\" rel=\"noopener\">Objem<\/a><\/p>\n<h4 style=\"padding-left: 30px\">Zvok<\/h4>\n<p style=\"padding-left: 60px\"><a href=\"http:\/\/ena-nic.splet.arnes.si\/files\/2016\/10\/Oglasanje_zivali.ppsx\" target=\"_blank\" rel=\"noopener\">Ogla\u0161anje \u017eivali<\/a><\/p>\n<h4 style=\"padding-left: 30px\">Predstavitve in multimedijske predstavitve<\/h4>\n<p style=\"padding-left: 60px\"><a href=\"http:\/\/ena-nic.splet.arnes.si\/files\/2016\/10\/Cutila_2.ppsx\" target=\"_blank\" rel=\"noopener\">\u010cutila&nbsp;(uho) &#8211; prosojnice za pouk<\/a><\/p>\n<p style=\"padding-left: 60px\"><a href=\"http:\/\/ena-nic.splet.arnes.si\/files\/2016\/10\/Gozd.ppsx\" target=\"_blank\" rel=\"noopener\">Gozd<\/a><\/p>\n<p style=\"padding-left: 60px\"><a href=\"http:\/\/ena-nic.splet.arnes.si\/files\/2016\/10\/Cudovita_Islandija-fotoalbum.ppsx\" target=\"_blank\" rel=\"noopener\">Islandija &#8211; fotoalbum<\/a><\/p>\n<p style=\"padding-left: 60px\"><a href=\"http:\/\/ena-nic.splet.arnes.si\/files\/2016\/10\/Makedonija-potopis.ppsx\" target=\"_blank\" rel=\"noopener\">Makedonija &#8211; potopis<\/a><\/p>\n<p style=\"padding-left: 60px\"><a href=\"http:\/\/ena-nic.splet.arnes.si\/files\/2016\/10\/Oko.ppsx\" target=\"_blank\" rel=\"noopener\">Oko<\/a><\/p>\n<p style=\"padding-left: 60px\"><a href=\"http:\/\/ena-nic.splet.arnes.si\/files\/2016\/10\/pajki.ppsx\" target=\"_blank\" rel=\"noopener\">Pajki<\/a><\/p>\n<p style=\"padding-left: 60px\"><a href=\"http:\/\/ena-nic.splet.arnes.si\/files\/2016\/10\/Periodni_sistem_elementov.ppsx\" target=\"_blank\" rel=\"noopener\">Periodni sistem elementov&nbsp;(angl.)<\/a><\/p>\n<p style=\"padding-left: 60px\"><a href=\"http:\/\/ena-nic.splet.arnes.si\/files\/2016\/10\/Polica_za_zacimbe.ppsx\" target=\"_blank\" rel=\"noopener\">Polica za za\u010dimbe &#8211; na\u010drt za izdelek<\/a><\/p>\n<p style=\"padding-left: 60px\"><a href=\"http:\/\/ena-nic.splet.arnes.si\/files\/2016\/10\/Risanje_muce.ppsx\" target=\"_blank\" rel=\"noopener\">Risanje ma\u010dke &#8211; navodila<\/a><\/p>\n<p style=\"padding-left: 60px\"><a href=\"http:\/\/ena-nic.splet.arnes.si\/files\/2016\/10\/Sadje.ppsx\" target=\"_blank\" rel=\"noopener\">Sadje<\/a><\/p>\n<p style=\"padding-left: 60px\"><a href=\"http:\/\/ena-nic.splet.arnes.si\/files\/2016\/10\/Sempeter.ppsx\" target=\"_blank\" rel=\"noopener\">\u0160empeter (Rimska nekropola) &#8211; predstavitev kraja<\/a><\/p>\n<p style=\"padding-left: 60px\"><a href=\"http:\/\/ena-nic.splet.arnes.si\/files\/2016\/10\/Veverica.ppsx\" target=\"_blank\" rel=\"noopener\">Veverica<\/a><\/p>\n<p style=\"padding-left: 60px\"><a href=\"http:\/\/ena-nic.splet.arnes.si\/files\/2016\/10\/Zivljenjski_prostor_gozd.ppsm\" target=\"_blank\" rel=\"noopener\">\u017divljenjski prostor gozd<\/a><\/p>\n<hr>\n<h3>Programska oprema<\/h3>\n<p style=\"padding-left: 60px\"><a href=\"http:\/\/www.photofiltre-studio.com\/pf7-en.htm\" target=\"_blank\" rel=\"noopener\">Photofiltre 7<\/a> in <a href=\"https:\/\/podpora.sio.si\/PhotoFiltre\/\" target=\"_blank\" rel=\"noopener\">nekaj osnovnih navodil<\/a><\/p>\n<p style=\"padding-left: 60px\"><a href=\"https:\/\/www.gimp.org\/\" target=\"_blank\" rel=\"noopener\">Gimp<\/a><\/p>\n<p style=\"padding-left: 60px\"><a href=\"http:\/\/www.audacityteam.org\/\" target=\"_blank\" rel=\"noopener\">Audacity<\/a><\/p>\n<p style=\"text-align: left\">&nbsp;<\/p>\n","protected":false},"excerpt":{"rendered":"<p>vsebinsko nadgrajuje osvojeno znanje iz Urejanja besedil. Spoznamo nekaj dodatne strojne opreme (digitalni fotoaparat, opti\u010dni \u010ditalnik, mikrofon, \u2026), ki jo uporabimo pri izdelavi projektne naloge v MS Powerpointu. Zdru\u017eimo besedilo, slike, zvok, video (MS MovieMaker) in animacijo v celovito multimedijsko predstavitev. &nbsp; &nbsp; Izvajanje predmeta:&nbsp;2 uri tedensko&nbsp;(eno polletje) Obvezni pripomo\u010dki:&nbsp;USB klju\u010d&nbsp;(dovolj je 8 GB) Ocenjevanje: [&hellip;]<\/p>\n","protected":false},"author":1790,"featured_media":0,"parent":44,"menu_order":0,"comment_status":"closed","ping_status":"open","template":"","meta":{"_et_pb_use_builder":"","_et_pb_old_content":"","_et_gb_content_width":"","ngg_post_thumbnail":0,"footnotes":"","_expiration-date-status":"","_expiration-date":1757334610,"_expiration-date-type":"draft","_expiration-date-categories":[],"_expiration-date-options":[]},"class_list":["post-110","page","type-page","status-publish","hentry"],"_links":{"self":[{"href":"https:\/\/ena-nic.splet.arnes.si\/index.php?rest_route=\/wp\/v2\/pages\/110","targetHints":{"allow":["GET"]}}],"collection":[{"href":"https:\/\/ena-nic.splet.arnes.si\/index.php?rest_route=\/wp\/v2\/pages"}],"about":[{"href":"https:\/\/ena-nic.splet.arnes.si\/index.php?rest_route=\/wp\/v2\/types\/page"}],"author":[{"embeddable":true,"href":"https:\/\/ena-nic.splet.arnes.si\/index.php?rest_route=\/wp\/v2\/users\/1790"}],"replies":[{"embeddable":true,"href":"https:\/\/ena-nic.splet.arnes.si\/index.php?rest_route=%2Fwp%2Fv2%2Fcomments&post=110"}],"version-history":[{"count":15,"href":"https:\/\/ena-nic.splet.arnes.si\/index.php?rest_route=\/wp\/v2\/pages\/110\/revisions"}],"predecessor-version":[{"id":997,"href":"https:\/\/ena-nic.splet.arnes.si\/index.php?rest_route=\/wp\/v2\/pages\/110\/revisions\/997"}],"up":[{"embeddable":true,"href":"https:\/\/ena-nic.splet.arnes.si\/index.php?rest_route=\/wp\/v2\/pages\/44"}],"wp:attachment":[{"href":"https:\/\/ena-nic.splet.arnes.si\/index.php?rest_route=%2Fwp%2Fv2%2Fmedia&parent=110"}],"curies":[{"name":"wp","href":"https:\/\/api.w.org\/{rel}","templated":true}]}}